{"id":1369,"date":"2017-12-20T16:44:17","date_gmt":"2017-12-20T15:44:17","guid":{"rendered":"https:\/\/aktramedia.de\/?page_id=1369"},"modified":"2018-12-13T10:29:27","modified_gmt":"2018-12-13T09:29:27","slug":"portfolio","status":"publish","type":"page","link":"https:\/\/aktramedia.de\/tr\/portfolio\/","title":{"rendered":"Faaliyet Alanlar\u0131"},"content":{"rendered":"","protected":false},"excerpt":{"rendered":"","protected":false},"author":1,"featured_media":1734,"parent":0,"menu_order":0,"comment_status":"closed","ping_status":"closed","template":"template-portfolio.php","meta":{"footnotes":""},"class_list":["post-1369","page","type-page","status-publish","has-post-thumbnail","hentry"],"translation":{"provider":"WPGlobus","version":"3.0.2","language":"tr","enabled_languages":["de","en","tr"],"languages":{"de":{"title":true,"content":false,"excerpt":false},"en":{"title":false,"content":false,"excerpt":false},"tr":{"title":true,"content":false,"excerpt":false}}},"yoast_head":"<!-- This site is optimized with the Yoast SEO plugin v27.4 - https:\/\/yoast.com\/product\/yoast-seo-wordpress\/ -->\n<title>Faaliyet Alanlar\u0131 - AKTRA Media GmbH<\/title>\n<meta name=\"robots\" content=\"index, follow, max-snippet:-1, max-image-preview:large, max-video-preview:-1\" \/>\n<link rel=\"canonical\" href=\"https:\/\/aktramedia.de\/portfolio\/\" \/>\n<meta property=\"og:locale\" content=\"tr_TR\" \/>\n<meta property=\"og:type\" content=\"article\" \/>\n<meta property=\"og:title\" content=\"Faaliyet Alanlar\u0131 - AKTRA Media GmbH\" \/>\n<meta property=\"og:url\" content=\"https:\/\/aktramedia.de\/portfolio\/\" \/>\n<meta property=\"og:site_name\" content=\"AKTRA Media GmbH\" \/>\n<meta property=\"article:modified_time\" content=\"2018-12-13T09:29:27+00:00\" \/>\n<meta property=\"og:image\" content=\"https:\/\/aktramedia.de\/wp-content\/uploads\/2018\/01\/902-CK.jpg\" \/>\n\t<meta property=\"og:image:width\" content=\"1905\" \/>\n\t<meta property=\"og:image:height\" content=\"456\" \/>\n\t<meta property=\"og:image:type\" content=\"image\/jpeg\" \/>\n<meta name=\"twitter:card\" content=\"summary_large_image\" \/>\n<meta name=\"twitter:label1\" content=\"Tahmini okuma s\u00fcresi\" \/>\n\t<meta name=\"twitter:data1\" content=\"1 dakika\" \/>\n<script type=\"application\/ld+json\" class=\"yoast-schema-graph\">{\"@context\":\"https:\\\/\\\/schema.org\",\"@graph\":[{\"@type\":\"WebPage\",\"@id\":\"https:\\\/\\\/aktramedia.de\\\/portfolio\\\/\",\"url\":\"https:\\\/\\\/aktramedia.de\\\/portfolio\\\/\",\"name\":\"Faaliyet Alanlar\u0131 - AKTRA Media GmbH\",\"isPartOf\":{\"@id\":\"https:\\\/\\\/aktramedia.de\\\/#website\"},\"primaryImageOfPage\":{\"@id\":\"https:\\\/\\\/aktramedia.de\\\/portfolio\\\/#primaryimage\"},\"image\":{\"@id\":\"https:\\\/\\\/aktramedia.de\\\/portfolio\\\/#primaryimage\"},\"thumbnailUrl\":\"https:\\\/\\\/aktramedia.de\\\/wp-content\\\/uploads\\\/2018\\\/01\\\/902-CK.jpg\",\"datePublished\":\"2017-12-20T15:44:17+00:00\",\"dateModified\":\"2018-12-13T09:29:27+00:00\",\"breadcrumb\":{\"@id\":\"https:\\\/\\\/aktramedia.de\\\/portfolio\\\/#breadcrumb\"},\"inLanguage\":\"tr\",\"potentialAction\":[{\"@type\":\"ReadAction\",\"target\":[\"https:\\\/\\\/aktramedia.de\\\/portfolio\\\/\"]}]},{\"@type\":\"ImageObject\",\"inLanguage\":\"tr\",\"@id\":\"https:\\\/\\\/aktramedia.de\\\/portfolio\\\/#primaryimage\",\"url\":\"https:\\\/\\\/aktramedia.de\\\/wp-content\\\/uploads\\\/2018\\\/01\\\/902-CK.jpg\",\"contentUrl\":\"https:\\\/\\\/aktramedia.de\\\/wp-content\\\/uploads\\\/2018\\\/01\\\/902-CK.jpg\",\"width\":1905,\"height\":456},{\"@type\":\"BreadcrumbList\",\"@id\":\"https:\\\/\\\/aktramedia.de\\\/portfolio\\\/#breadcrumb\",\"itemListElement\":[{\"@type\":\"ListItem\",\"position\":1,\"name\":\"Startseite\",\"item\":\"https:\\\/\\\/aktramedia.de\\\/\"},{\"@type\":\"ListItem\",\"position\":2,\"name\":\"Portfolio\"}]},{\"@type\":\"WebSite\",\"@id\":\"https:\\\/\\\/aktramedia.de\\\/#website\",\"url\":\"https:\\\/\\\/aktramedia.de\\\/\",\"name\":\"AKTRA Media GmbH\",\"description\":\"Aktra Media seminer, proje veya i\u00e7erik y\u00f6netimine dair yenilik\u00e7i \u00e7\u00f6z\u00fcmler sunar.\",\"publisher\":{\"@id\":\"https:\\\/\\\/aktramedia.de\\\/#organization\"},\"potentialAction\":[{\"@type\":\"SearchAction\",\"target\":{\"@type\":\"EntryPoint\",\"urlTemplate\":\"https:\\\/\\\/aktramedia.de\\\/?s={search_term_string}\"},\"query-input\":{\"@type\":\"PropertyValueSpecification\",\"valueRequired\":true,\"valueName\":\"search_term_string\"}}],\"inLanguage\":\"tr\"},{\"@type\":\"Organization\",\"@id\":\"https:\\\/\\\/aktramedia.de\\\/#organization\",\"name\":\"AKTRA Media \u2013 Digital Relation Services GmbH\",\"url\":\"https:\\\/\\\/aktramedia.de\\\/\",\"logo\":{\"@type\":\"ImageObject\",\"inLanguage\":\"tr\",\"@id\":\"https:\\\/\\\/aktramedia.de\\\/#\\\/schema\\\/logo\\\/image\\\/\",\"url\":\"https:\\\/\\\/aktramedia.de\\\/wp-content\\\/uploads\\\/2017\\\/12\\\/logo-3.png\",\"contentUrl\":\"https:\\\/\\\/aktramedia.de\\\/wp-content\\\/uploads\\\/2017\\\/12\\\/logo-3.png\",\"width\":180,\"height\":64,\"caption\":\"AKTRA Media \u2013 Digital Relation Services GmbH\"},\"image\":{\"@id\":\"https:\\\/\\\/aktramedia.de\\\/#\\\/schema\\\/logo\\\/image\\\/\"}}]}<\/script>\n<!-- \/ Yoast SEO plugin. -->","yoast_head_json":{"title":"Faaliyet Alanlar\u0131 - AKTRA Media GmbH","robots":{"index":"index","follow":"follow","max-snippet":"max-snippet:-1","max-image-preview":"max-image-preview:large","max-video-preview":"max-video-preview:-1"},"canonical":"https:\/\/aktramedia.de\/portfolio\/","og_locale":"tr_TR","og_type":"article","og_title":"Faaliyet Alanlar\u0131 - AKTRA Media GmbH","og_url":"https:\/\/aktramedia.de\/portfolio\/","og_site_name":"AKTRA Media GmbH","article_modified_time":"2018-12-13T09:29:27+00:00","og_image":[{"width":1905,"height":456,"url":"https:\/\/aktramedia.de\/wp-content\/uploads\/2018\/01\/902-CK.jpg","type":"image\/jpeg"}],"twitter_card":"summary_large_image","twitter_misc":{"Tahmini okuma s\u00fcresi":"1 dakika"},"schema":{"@context":"https:\/\/schema.org","@graph":[{"@type":"WebPage","@id":"https:\/\/aktramedia.de\/portfolio\/","url":"https:\/\/aktramedia.de\/portfolio\/","name":"Faaliyet Alanlar\u0131 - AKTRA Media GmbH","isPartOf":{"@id":"https:\/\/aktramedia.de\/#website"},"primaryImageOfPage":{"@id":"https:\/\/aktramedia.de\/portfolio\/#primaryimage"},"image":{"@id":"https:\/\/aktramedia.de\/portfolio\/#primaryimage"},"thumbnailUrl":"https:\/\/aktramedia.de\/wp-content\/uploads\/2018\/01\/902-CK.jpg","datePublished":"2017-12-20T15:44:17+00:00","dateModified":"2018-12-13T09:29:27+00:00","breadcrumb":{"@id":"https:\/\/aktramedia.de\/portfolio\/#breadcrumb"},"inLanguage":"tr","potentialAction":[{"@type":"ReadAction","target":["https:\/\/aktramedia.de\/portfolio\/"]}]},{"@type":"ImageObject","inLanguage":"tr","@id":"https:\/\/aktramedia.de\/portfolio\/#primaryimage","url":"https:\/\/aktramedia.de\/wp-content\/uploads\/2018\/01\/902-CK.jpg","contentUrl":"https:\/\/aktramedia.de\/wp-content\/uploads\/2018\/01\/902-CK.jpg","width":1905,"height":456},{"@type":"BreadcrumbList","@id":"https:\/\/aktramedia.de\/portfolio\/#breadcrumb","itemListElement":[{"@type":"ListItem","position":1,"name":"Startseite","item":"https:\/\/aktramedia.de\/"},{"@type":"ListItem","position":2,"name":"Portfolio"}]},{"@type":"WebSite","@id":"https:\/\/aktramedia.de\/#website","url":"https:\/\/aktramedia.de\/","name":"AKTRA Media GmbH","description":"Aktra Media seminer, proje veya i\u00e7erik y\u00f6netimine dair yenilik\u00e7i \u00e7\u00f6z\u00fcmler sunar.","publisher":{"@id":"https:\/\/aktramedia.de\/#organization"},"potentialAction":[{"@type":"SearchAction","target":{"@type":"EntryPoint","urlTemplate":"https:\/\/aktramedia.de\/?s={search_term_string}"},"query-input":{"@type":"PropertyValueSpecification","valueRequired":true,"valueName":"search_term_string"}}],"inLanguage":"tr"},{"@type":"Organization","@id":"https:\/\/aktramedia.de\/#organization","name":"AKTRA Media \u2013 Digital Relation Services GmbH","url":"https:\/\/aktramedia.de\/","logo":{"@type":"ImageObject","inLanguage":"tr","@id":"https:\/\/aktramedia.de\/#\/schema\/logo\/image\/","url":"https:\/\/aktramedia.de\/wp-content\/uploads\/2017\/12\/logo-3.png","contentUrl":"https:\/\/aktramedia.de\/wp-content\/uploads\/2017\/12\/logo-3.png","width":180,"height":64,"caption":"AKTRA Media \u2013 Digital Relation Services GmbH"},"image":{"@id":"https:\/\/aktramedia.de\/#\/schema\/logo\/image\/"}}]}},"_links":{"self":[{"href":"https:\/\/aktramedia.de\/tr\/wp-json\/wp\/v2\/pages\/1369","targetHints":{"allow":["GET"]}}],"collection":[{"href":"https:\/\/aktramedia.de\/tr\/wp-json\/wp\/v2\/pages"}],"about":[{"href":"https:\/\/aktramedia.de\/tr\/wp-json\/wp\/v2\/types\/page"}],"author":[{"embeddable":true,"href":"https:\/\/aktramedia.de\/tr\/wp-json\/wp\/v2\/users\/1"}],"replies":[{"embeddable":true,"href":"https:\/\/aktramedia.de\/tr\/wp-json\/wp\/v2\/comments?post=1369"}],"version-history":[{"count":3,"href":"https:\/\/aktramedia.de\/tr\/wp-json\/wp\/v2\/pages\/1369\/revisions"}],"predecessor-version":[{"id":2109,"href":"https:\/\/aktramedia.de\/tr\/wp-json\/wp\/v2\/pages\/1369\/revisions\/2109"}],"wp:featuredmedia":[{"embeddable":true,"href":"https:\/\/aktramedia.de\/tr\/wp-json\/wp\/v2\/media\/1734"}],"wp:attachment":[{"href":"https:\/\/aktramedia.de\/tr\/wp-json\/wp\/v2\/media?parent=1369"}],"curies":[{"name":"wp","href":"https:\/\/api.w.org\/{rel}","templated":true}]}}