{"id":1371,"date":"2017-12-20T16:49:21","date_gmt":"2017-12-20T15:49:21","guid":{"rendered":"https:\/\/aktramedia.de\/?page_id=1371"},"modified":"2023-07-10T14:33:20","modified_gmt":"2023-07-10T12:33:20","slug":"about-us","status":"publish","type":"page","link":"https:\/\/aktramedia.de\/tr\/about-us\/","title":{"rendered":"Hakk\u0131nda"},"content":{"rendered":"<div class=\"row section-desc\">\n<div class=\"col-xs-12 col-md-6\">\n<p><a href=\"https:\/\/aktramedia.de\/tr\/portfolio\/learning\/e-learning-wbt\/\">E-\u00d6\u011frenme<\/a>, <a href=\"https:\/\/aktramedia.de\/tr\/portfolio\/event-training\/contentmanagement\/\">i\u00e7erik y\u00f6netimi<\/a>, <a href=\"https:\/\/aktramedia.de\/tr\/portfolio\/\">e\u011fitim &#038; etkinlik<\/a> alanlar\u0131nda uzun y\u0131llar deneyim elde etmi\u015f \u00e7al\u0131\u015fanlardan olu\u015fan ve enternasyonal \u00e7al\u0131\u015fan bir \u015firketiz.<\/p>\n<p><a href=\"https:\/\/new.siemens.com\/global\/en.html\" rel=\"noopener noreferrer\" target=\"_blank\">Siemens<\/a> gibi tan\u0131nm\u0131\u015f b\u00fcy\u00fck <a href=\"https:\/\/aktramedia.de\/referenzen\/\">\u015firketlerle<\/a> pek \u00e7ok y\u0131ld\u0131r kurdu\u011fumuz i\u015fbirlikleri sayesinde, ileri e\u011fitimin t\u00fcm \u00f6nemli boyutlar\u0131n\u0131 kapsayan temel yetkinliklere sahibiz.<\/p>\n<p>Hedefimiz, proaktif ve g\u00fcvenli hizmetlerimizle m\u00fc\u015fterilerimize ba\u015far\u0131yla e\u015flik etmek ve nihai anlamda m\u00fckemmeliyete kavu\u015fmalar\u0131n\u0131 sa\u011flamakt\u0131r.<\/p>\n<\/div>\n<div class=\"col-xs-12 col-md-6\"><img loading=\"lazy\" decoding=\"async\" class=\"alignnone wp-image-2036 size-large\" src=\"https:\/\/aktramedia.de\/wp-content\/uploads\/2018\/05\/Business-1-1-1024x681.jpg\" alt=\"\" width=\"800\" height=\"532\" srcset=\"https:\/\/aktramedia.de\/wp-content\/uploads\/2018\/05\/Business-1-1-1024x681.jpg 1024w, https:\/\/aktramedia.de\/wp-content\/uploads\/2018\/05\/Business-1-1-300x199.jpg 300w, https:\/\/aktramedia.de\/wp-content\/uploads\/2018\/05\/Business-1-1-768x511.jpg 768w, https:\/\/aktramedia.de\/wp-content\/uploads\/2018\/05\/Business-1-1.jpg 1624w\" sizes=\"auto, (max-width: 800px) 100vw, 800px\" \/><\/div>\n<\/div>\n<div class=\"section-title-area\">\n<h2>AKTRA Media Management<\/h2>\n<\/div>\n<div class=\"row\">\n<div class=\"col-sm-12 col-md-4 text-center\"><img loading=\"lazy\" decoding=\"async\" class=\"alignnone wp-image-2038 size-large\" src=\"https:\/\/aktramedia.de\/wp-content\/uploads\/2018\/05\/Business-3-683x1024.jpg\" alt=\"\" width=\"683\" height=\"1024\" srcset=\"https:\/\/aktramedia.de\/wp-content\/uploads\/2018\/05\/Business-3-683x1024.jpg 683w, https:\/\/aktramedia.de\/wp-content\/uploads\/2018\/05\/Business-3-200x300.jpg 200w, https:\/\/aktramedia.de\/wp-content\/uploads\/2018\/05\/Business-3.jpg 720w\" sizes=\"auto, (max-width: 683px) 100vw, 683px\" \/><br \/>\n<strong>Erdal Akg\u00fcl<\/strong><br \/>\nCEO\n<\/div>\n<div class=\"col-sm-12 col-md-4 text-center\"><img loading=\"lazy\" decoding=\"async\" class=\"alignnone wp-image-2039 size-large\" src=\"https:\/\/aktramedia.de\/wp-content\/uploads\/2018\/05\/Business-5-683x1024.jpg\" alt=\"\" width=\"683\" height=\"1024\" srcset=\"https:\/\/aktramedia.de\/wp-content\/uploads\/2018\/05\/Business-5-683x1024.jpg 683w, https:\/\/aktramedia.de\/wp-content\/uploads\/2018\/05\/Business-5-200x300.jpg 200w, https:\/\/aktramedia.de\/wp-content\/uploads\/2018\/05\/Business-5.jpg 720w\" sizes=\"auto, (max-width: 683px) 100vw, 683px\" \/><br \/>\n<strong>Asil Kaya<\/strong><br \/>\nCEO\n<\/div>\n<\/div>\n","protected":false},"excerpt":{"rendered":"<p>E-\u00d6\u011frenme, i\u00e7erik y\u00f6netimi, e\u011fitim &#038; etkinlik alanlar\u0131nda uzun y\u0131llar deneyim elde etmi\u015f \u00e7al\u0131\u015fanlardan olu\u015fan ve enternasyonal \u00e7al\u0131\u015fan bir \u015firketiz. Siemens gibi tan\u0131nm\u0131\u015f b\u00fcy\u00fck \u015firketlerle pek \u00e7ok y\u0131ld\u0131r kurdu\u011fumuz i\u015fbirlikleri sayesinde, &#8230;<\/p>\n","protected":false},"author":1,"featured_media":1759,"parent":0,"menu_order":0,"comment_status":"closed","ping_status":"closed","template":"template-default.php","meta":{"footnotes":""},"class_list":["post-1371","page","type-page","status-publish","has-post-thumbnail","hentry"],"translation":{"provider":"WPGlobus","version":"3.0.2","language":"tr","enabled_languages":["de","en","tr"],"languages":{"de":{"title":true,"content":true,"excerpt":false},"en":{"title":true,"content":true,"excerpt":false},"tr":{"title":true,"content":true,"excerpt":false}}},"yoast_head":"<!-- This site is optimized with the Yoast SEO plugin v27.4 - https:\/\/yoast.com\/product\/yoast-seo-wordpress\/ -->\n<title>Hakk\u0131nda | AKTRA Media GmbH | M\u00fcnchen, Deutschland<\/title>\n<meta name=\"robots\" content=\"index, follow, max-snippet:-1, max-image-preview:large, max-video-preview:-1\" \/>\n<link rel=\"canonical\" href=\"https:\/\/aktramedia.de\/about-us\/\" \/>\n<meta property=\"og:locale\" content=\"tr_TR\" \/>\n<meta property=\"og:type\" content=\"article\" \/>\n<meta property=\"og:title\" content=\"Hakk\u0131nda - AKTRA Media GmbH\" \/>\n<meta property=\"og:url\" content=\"https:\/\/aktramedia.de\/about-us\/\" \/>\n<meta property=\"og:site_name\" content=\"AKTRA Media GmbH\" \/>\n<meta property=\"article:modified_time\" content=\"2023-07-10T12:33:20+00:00\" \/>\n<meta property=\"og:image\" content=\"https:\/\/aktramedia.de\/wp-content\/uploads\/2018\/01\/1101-CK.jpg\" \/>\n\t<meta property=\"og:image:width\" content=\"1000\" \/>\n\t<meta property=\"og:image:height\" content=\"667\" \/>\n\t<meta property=\"og:image:type\" content=\"image\/jpeg\" \/>\n<meta name=\"twitter:card\" content=\"summary_large_image\" \/>\n<meta name=\"twitter:label1\" content=\"Tahmini okuma s\u00fcresi\" \/>\n\t<meta name=\"twitter:data1\" content=\"1 dakika\" \/>\n<script type=\"application\/ld+json\" class=\"yoast-schema-graph\">{\"@context\":\"https:\\\/\\\/schema.org\",\"@graph\":[{\"@type\":\"WebPage\",\"@id\":\"https:\\\/\\\/aktramedia.de\\\/about-us\\\/\",\"url\":\"https:\\\/\\\/aktramedia.de\\\/about-us\\\/\",\"name\":\"Hakk\u0131nda | AKTRA Media GmbH | M\u00fcnchen, Deutschland\",\"isPartOf\":{\"@id\":\"https:\\\/\\\/aktramedia.de\\\/#website\"},\"primaryImageOfPage\":{\"@id\":\"https:\\\/\\\/aktramedia.de\\\/about-us\\\/#primaryimage\"},\"image\":{\"@id\":\"https:\\\/\\\/aktramedia.de\\\/about-us\\\/#primaryimage\"},\"thumbnailUrl\":\"https:\\\/\\\/aktramedia.de\\\/wp-content\\\/uploads\\\/2018\\\/01\\\/1101-CK.jpg\",\"datePublished\":\"2017-12-20T15:49:21+00:00\",\"dateModified\":\"2023-07-10T12:33:20+00:00\",\"description\":\"Wir haben es uns als Unternehmen zum Ziel gesetzt, unsere Kunden durch unsere proaktiven und zuverl\u00e4ssigen Dienstleistungen durch ihre Projekte zu begleiten\",\"breadcrumb\":{\"@id\":\"https:\\\/\\\/aktramedia.de\\\/about-us\\\/#breadcrumb\"},\"inLanguage\":\"tr\",\"potentialAction\":[{\"@type\":\"ReadAction\",\"target\":[\"https:\\\/\\\/aktramedia.de\\\/about-us\\\/\"]}]},{\"@type\":\"ImageObject\",\"inLanguage\":\"tr\",\"@id\":\"https:\\\/\\\/aktramedia.de\\\/about-us\\\/#primaryimage\",\"url\":\"https:\\\/\\\/aktramedia.de\\\/wp-content\\\/uploads\\\/2018\\\/01\\\/1101-CK.jpg\",\"contentUrl\":\"https:\\\/\\\/aktramedia.de\\\/wp-content\\\/uploads\\\/2018\\\/01\\\/1101-CK.jpg\",\"width\":1000,\"height\":667,\"caption\":\"Header der Seite vom Unternehmen\"},{\"@type\":\"BreadcrumbList\",\"@id\":\"https:\\\/\\\/aktramedia.de\\\/about-us\\\/#breadcrumb\",\"itemListElement\":[{\"@type\":\"ListItem\",\"position\":1,\"name\":\"Startseite\",\"item\":\"https:\\\/\\\/aktramedia.de\\\/\"},{\"@type\":\"ListItem\",\"position\":2,\"name\":\"\u00dcber uns\"}]},{\"@type\":\"WebSite\",\"@id\":\"https:\\\/\\\/aktramedia.de\\\/#website\",\"url\":\"https:\\\/\\\/aktramedia.de\\\/\",\"name\":\"AKTRA Media GmbH\",\"description\":\"Aktra Media seminer, proje veya i\u00e7erik y\u00f6netimine dair yenilik\u00e7i \u00e7\u00f6z\u00fcmler sunar.\",\"publisher\":{\"@id\":\"https:\\\/\\\/aktramedia.de\\\/#organization\"},\"potentialAction\":[{\"@type\":\"SearchAction\",\"target\":{\"@type\":\"EntryPoint\",\"urlTemplate\":\"https:\\\/\\\/aktramedia.de\\\/?s={search_term_string}\"},\"query-input\":{\"@type\":\"PropertyValueSpecification\",\"valueRequired\":true,\"valueName\":\"search_term_string\"}}],\"inLanguage\":\"tr\"},{\"@type\":\"Organization\",\"@id\":\"https:\\\/\\\/aktramedia.de\\\/#organization\",\"name\":\"AKTRA Media \u2013 Digital Relation Services GmbH\",\"url\":\"https:\\\/\\\/aktramedia.de\\\/\",\"logo\":{\"@type\":\"ImageObject\",\"inLanguage\":\"tr\",\"@id\":\"https:\\\/\\\/aktramedia.de\\\/#\\\/schema\\\/logo\\\/image\\\/\",\"url\":\"https:\\\/\\\/aktramedia.de\\\/wp-content\\\/uploads\\\/2017\\\/12\\\/logo-3.png\",\"contentUrl\":\"https:\\\/\\\/aktramedia.de\\\/wp-content\\\/uploads\\\/2017\\\/12\\\/logo-3.png\",\"width\":180,\"height\":64,\"caption\":\"AKTRA Media \u2013 Digital Relation Services GmbH\"},\"image\":{\"@id\":\"https:\\\/\\\/aktramedia.de\\\/#\\\/schema\\\/logo\\\/image\\\/\"}}]}<\/script>\n<!-- \/ Yoast SEO plugin. -->","yoast_head_json":{"title":"Hakk\u0131nda | AKTRA Media GmbH | M\u00fcnchen, Deutschland","robots":{"index":"index","follow":"follow","max-snippet":"max-snippet:-1","max-image-preview":"max-image-preview:large","max-video-preview":"max-video-preview:-1"},"canonical":"https:\/\/aktramedia.de\/about-us\/","og_locale":"tr_TR","og_type":"article","og_title":"Hakk\u0131nda - AKTRA Media GmbH","og_url":"https:\/\/aktramedia.de\/about-us\/","og_site_name":"AKTRA Media GmbH","article_modified_time":"2023-07-10T12:33:20+00:00","og_image":[{"width":1000,"height":667,"url":"https:\/\/aktramedia.de\/wp-content\/uploads\/2018\/01\/1101-CK.jpg","type":"image\/jpeg"}],"twitter_card":"summary_large_image","twitter_misc":{"Tahmini okuma s\u00fcresi":"1 dakika"},"schema":{"@context":"https:\/\/schema.org","@graph":[{"@type":"WebPage","@id":"https:\/\/aktramedia.de\/about-us\/","url":"https:\/\/aktramedia.de\/about-us\/","name":"Hakk\u0131nda | AKTRA Media GmbH | M\u00fcnchen, Deutschland","isPartOf":{"@id":"https:\/\/aktramedia.de\/#website"},"primaryImageOfPage":{"@id":"https:\/\/aktramedia.de\/about-us\/#primaryimage"},"image":{"@id":"https:\/\/aktramedia.de\/about-us\/#primaryimage"},"thumbnailUrl":"https:\/\/aktramedia.de\/wp-content\/uploads\/2018\/01\/1101-CK.jpg","datePublished":"2017-12-20T15:49:21+00:00","dateModified":"2023-07-10T12:33:20+00:00","description":"Wir haben es uns als Unternehmen zum Ziel gesetzt, unsere Kunden durch unsere proaktiven und zuverl\u00e4ssigen Dienstleistungen durch ihre Projekte zu begleiten","breadcrumb":{"@id":"https:\/\/aktramedia.de\/about-us\/#breadcrumb"},"inLanguage":"tr","potentialAction":[{"@type":"ReadAction","target":["https:\/\/aktramedia.de\/about-us\/"]}]},{"@type":"ImageObject","inLanguage":"tr","@id":"https:\/\/aktramedia.de\/about-us\/#primaryimage","url":"https:\/\/aktramedia.de\/wp-content\/uploads\/2018\/01\/1101-CK.jpg","contentUrl":"https:\/\/aktramedia.de\/wp-content\/uploads\/2018\/01\/1101-CK.jpg","width":1000,"height":667,"caption":"Header der Seite vom Unternehmen"},{"@type":"BreadcrumbList","@id":"https:\/\/aktramedia.de\/about-us\/#breadcrumb","itemListElement":[{"@type":"ListItem","position":1,"name":"Startseite","item":"https:\/\/aktramedia.de\/"},{"@type":"ListItem","position":2,"name":"\u00dcber uns"}]},{"@type":"WebSite","@id":"https:\/\/aktramedia.de\/#website","url":"https:\/\/aktramedia.de\/","name":"AKTRA Media GmbH","description":"Aktra Media seminer, proje veya i\u00e7erik y\u00f6netimine dair yenilik\u00e7i \u00e7\u00f6z\u00fcmler sunar.","publisher":{"@id":"https:\/\/aktramedia.de\/#organization"},"potentialAction":[{"@type":"SearchAction","target":{"@type":"EntryPoint","urlTemplate":"https:\/\/aktramedia.de\/?s={search_term_string}"},"query-input":{"@type":"PropertyValueSpecification","valueRequired":true,"valueName":"search_term_string"}}],"inLanguage":"tr"},{"@type":"Organization","@id":"https:\/\/aktramedia.de\/#organization","name":"AKTRA Media \u2013 Digital Relation Services GmbH","url":"https:\/\/aktramedia.de\/","logo":{"@type":"ImageObject","inLanguage":"tr","@id":"https:\/\/aktramedia.de\/#\/schema\/logo\/image\/","url":"https:\/\/aktramedia.de\/wp-content\/uploads\/2017\/12\/logo-3.png","contentUrl":"https:\/\/aktramedia.de\/wp-content\/uploads\/2017\/12\/logo-3.png","width":180,"height":64,"caption":"AKTRA Media \u2013 Digital Relation Services GmbH"},"image":{"@id":"https:\/\/aktramedia.de\/#\/schema\/logo\/image\/"}}]}},"_links":{"self":[{"href":"https:\/\/aktramedia.de\/tr\/wp-json\/wp\/v2\/pages\/1371","targetHints":{"allow":["GET"]}}],"collection":[{"href":"https:\/\/aktramedia.de\/tr\/wp-json\/wp\/v2\/pages"}],"about":[{"href":"https:\/\/aktramedia.de\/tr\/wp-json\/wp\/v2\/types\/page"}],"author":[{"embeddable":true,"href":"https:\/\/aktramedia.de\/tr\/wp-json\/wp\/v2\/users\/1"}],"replies":[{"embeddable":true,"href":"https:\/\/aktramedia.de\/tr\/wp-json\/wp\/v2\/comments?post=1371"}],"version-history":[{"count":162,"href":"https:\/\/aktramedia.de\/tr\/wp-json\/wp\/v2\/pages\/1371\/revisions"}],"predecessor-version":[{"id":2330,"href":"https:\/\/aktramedia.de\/tr\/wp-json\/wp\/v2\/pages\/1371\/revisions\/2330"}],"wp:featuredmedia":[{"embeddable":true,"href":"https:\/\/aktramedia.de\/tr\/wp-json\/wp\/v2\/media\/1759"}],"wp:attachment":[{"href":"https:\/\/aktramedia.de\/tr\/wp-json\/wp\/v2\/media?parent=1371"}],"curies":[{"name":"wp","href":"https:\/\/api.w.org\/{rel}","templated":true}]}}