{"id":1373,"date":"2017-12-20T16:49:18","date_gmt":"2017-12-20T15:49:18","guid":{"rendered":"https:\/\/aktramedia.de\/?page_id=1373"},"modified":"2022-09-09T08:58:00","modified_gmt":"2022-09-09T06:58:00","slug":"kontakt","status":"publish","type":"page","link":"https:\/\/aktramedia.de\/tr\/kontakt\/","title":{"rendered":"\u0130leti\u015fim"},"content":{"rendered":"<div class=\"row\">\n<div class=\"col-xs-12 col-md-6\">\n<div class=\"wpcf7 no-js\" id=\"wpcf7-f2090-o1\" lang=\"de-DE\" dir=\"ltr\" data-wpcf7-id=\"2090\">\n<div class=\"screen-reader-response\"><p role=\"status\" aria-live=\"polite\" aria-atomic=\"true\"><\/p> <ul><\/ul><\/div>\n<form action=\"\/tr\/wp-json\/wp\/v2\/pages\/1373#wpcf7-f2090-o1\" method=\"post\" class=\"wpcf7-form init\" aria-label=\"Kontaktformular\" novalidate=\"novalidate\" data-status=\"init\">\n<fieldset class=\"hidden-fields-container\"><input type=\"hidden\" name=\"_wpcf7\" value=\"2090\" \/><input type=\"hidden\" name=\"_wpcf7_version\" value=\"6.1.5\" \/><input type=\"hidden\" name=\"_wpcf7_locale\" value=\"de_DE\" \/><input type=\"hidden\" name=\"_wpcf7_unit_tag\" value=\"wpcf7-f2090-o1\" \/><input type=\"hidden\" name=\"_wpcf7_container_post\" value=\"0\" \/><input type=\"hidden\" name=\"_wpcf7_posted_data_hash\" value=\"\" \/>\n<\/fieldset>\n<p><label> ADINIZ (GEREKL\u0130)<br \/>\n<span class=\"wpcf7-form-control-wrap\" data-name=\"your-name\"><input size=\"40\" maxlength=\"400\" class=\"wpcf7-form-control wpcf7-text wpcf7-validates-as-required\" aria-required=\"true\" aria-invalid=\"false\" value=\"\" type=\"text\" name=\"your-name\" \/><\/span> <\/label>\n<\/p>\n<p><label> E-posta ADRES\u0130N\u0130Z (GEREKL\u0130)<br \/>\n<span class=\"wpcf7-form-control-wrap\" data-name=\"your-email\"><input size=\"40\" maxlength=\"400\" class=\"wpcf7-form-control wpcf7-email wpcf7-validates-as-required wpcf7-text wpcf7-validates-as-email\" aria-required=\"true\" aria-invalid=\"false\" value=\"\" type=\"email\" name=\"your-email\" \/><\/span> <\/label>\n<\/p>\n<p><label> Konu<br \/>\n<span class=\"wpcf7-form-control-wrap\" data-name=\"your-subject\"><input size=\"40\" maxlength=\"400\" class=\"wpcf7-form-control wpcf7-text\" aria-invalid=\"false\" value=\"\" type=\"text\" name=\"your-subject\" \/><\/span> <\/label>\n<\/p>\n<p><label> Mesaj\u0131n\u0131z<br \/>\n<span class=\"wpcf7-form-control-wrap\" data-name=\"your-message\"><textarea cols=\"40\" rows=\"10\" maxlength=\"2000\" class=\"wpcf7-form-control wpcf7-textarea\" aria-invalid=\"false\" name=\"your-message\"><\/textarea><\/span> <\/label>\n<\/p>\n<p><input class=\"wpcf7-form-control wpcf7-submit has-spinner\" type=\"submit\" value=\"G\u00f6nder\" \/>\n<\/p><div class=\"wpcf7-response-output\" aria-hidden=\"true\"><\/div>\n<\/form>\n<\/div>\n<\/div>\n<div class=\"col-xs-12 col-md-6\">\n<p>Buradan bize ula\u015fabilirsiniz:<\/p>\n<p><strong>AKTRA Media \u2013 Digital Relation Services GmbH<\/strong><\/p>\n<p>Oberweg 6<\/p>\n<p>82008 Unterhaching, M\u00fcnchen (Kreis)<\/p>\n<p>&nbsp;<\/p>\n<p>Telefon: +49 (89) 327 960 36<br \/>\nFax: +49 (89) 327 960 35<\/p>\n<p>E-Mail: <a href=\"mailto:info@aktramedia.de\">info@aktramedia.de<\/a><\/p>\n<\/div>\n<\/div>\n","protected":false},"excerpt":{"rendered":"<p>Buradan bize ula\u015fabilirsiniz: AKTRA Media \u2013 Digital Relation Services GmbH Oberweg 6 82008 Unterhaching, M\u00fcnchen (Kreis) &nbsp; Telefon: +49 (89) 327 960 36 Fax: +49 (89) 327 960 35 E-Mail: &#8230;<\/p>\n","protected":false},"author":1,"featured_media":1799,"parent":0,"menu_order":0,"comment_status":"closed","ping_status":"closed","template":"template-default.php","meta":{"footnotes":""},"class_list":["post-1373","page","type-page","status-publish","has-post-thumbnail","hentry"],"translation":{"provider":"WPGlobus","version":"3.0.2","language":"tr","enabled_languages":["de","en","tr"],"languages":{"de":{"title":true,"content":true,"excerpt":false},"en":{"title":true,"content":true,"excerpt":false},"tr":{"title":true,"content":true,"excerpt":false}}},"yoast_head":"<!-- This site is optimized with the Yoast SEO plugin v27.4 - https:\/\/yoast.com\/product\/yoast-seo-wordpress\/ -->\n<title>\u0130leti\u015fim - AKTRA Media GmbH<\/title>\n<meta name=\"robots\" content=\"index, follow, max-snippet:-1, max-image-preview:large, max-video-preview:-1\" \/>\n<link rel=\"canonical\" href=\"https:\/\/aktramedia.de\/kontakt\/\" \/>\n<meta property=\"og:locale\" content=\"tr_TR\" \/>\n<meta property=\"og:type\" content=\"article\" \/>\n<meta property=\"og:title\" content=\"\u0130leti\u015fim - AKTRA Media GmbH\" \/>\n<meta property=\"og:url\" content=\"https:\/\/aktramedia.de\/kontakt\/\" \/>\n<meta property=\"og:site_name\" content=\"AKTRA Media GmbH\" \/>\n<meta property=\"article:modified_time\" content=\"2022-09-09T06:58:00+00:00\" \/>\n<meta property=\"og:image\" content=\"https:\/\/aktramedia.de\/wp-content\/uploads\/2018\/02\/1003-CK.jpg\" \/>\n\t<meta property=\"og:image:width\" content=\"2000\" \/>\n\t<meta property=\"og:image:height\" content=\"500\" \/>\n\t<meta property=\"og:image:type\" content=\"image\/jpeg\" \/>\n<meta name=\"twitter:card\" content=\"summary_large_image\" \/>\n<meta name=\"twitter:label1\" content=\"Tahmini okuma s\u00fcresi\" \/>\n\t<meta name=\"twitter:data1\" content=\"1 dakika\" \/>\n<script type=\"application\/ld+json\" class=\"yoast-schema-graph\">{\"@context\":\"https:\\\/\\\/schema.org\",\"@graph\":[{\"@type\":\"WebPage\",\"@id\":\"https:\\\/\\\/aktramedia.de\\\/kontakt\\\/\",\"url\":\"https:\\\/\\\/aktramedia.de\\\/kontakt\\\/\",\"name\":\"\u0130leti\u015fim - AKTRA Media GmbH\",\"isPartOf\":{\"@id\":\"https:\\\/\\\/aktramedia.de\\\/#website\"},\"primaryImageOfPage\":{\"@id\":\"https:\\\/\\\/aktramedia.de\\\/kontakt\\\/#primaryimage\"},\"image\":{\"@id\":\"https:\\\/\\\/aktramedia.de\\\/kontakt\\\/#primaryimage\"},\"thumbnailUrl\":\"https:\\\/\\\/aktramedia.de\\\/wp-content\\\/uploads\\\/2018\\\/02\\\/1003-CK.jpg\",\"datePublished\":\"2017-12-20T15:49:18+00:00\",\"dateModified\":\"2022-09-09T06:58:00+00:00\",\"breadcrumb\":{\"@id\":\"https:\\\/\\\/aktramedia.de\\\/kontakt\\\/#breadcrumb\"},\"inLanguage\":\"tr\",\"potentialAction\":[{\"@type\":\"ReadAction\",\"target\":[\"https:\\\/\\\/aktramedia.de\\\/kontakt\\\/\"]}]},{\"@type\":\"ImageObject\",\"inLanguage\":\"tr\",\"@id\":\"https:\\\/\\\/aktramedia.de\\\/kontakt\\\/#primaryimage\",\"url\":\"https:\\\/\\\/aktramedia.de\\\/wp-content\\\/uploads\\\/2018\\\/02\\\/1003-CK.jpg\",\"contentUrl\":\"https:\\\/\\\/aktramedia.de\\\/wp-content\\\/uploads\\\/2018\\\/02\\\/1003-CK.jpg\",\"width\":2000,\"height\":500},{\"@type\":\"BreadcrumbList\",\"@id\":\"https:\\\/\\\/aktramedia.de\\\/kontakt\\\/#breadcrumb\",\"itemListElement\":[{\"@type\":\"ListItem\",\"position\":1,\"name\":\"Startseite\",\"item\":\"https:\\\/\\\/aktramedia.de\\\/\"},{\"@type\":\"ListItem\",\"position\":2,\"name\":\"Kontakt\"}]},{\"@type\":\"WebSite\",\"@id\":\"https:\\\/\\\/aktramedia.de\\\/#website\",\"url\":\"https:\\\/\\\/aktramedia.de\\\/\",\"name\":\"AKTRA Media GmbH\",\"description\":\"Aktra Media seminer, proje veya i\u00e7erik y\u00f6netimine dair yenilik\u00e7i \u00e7\u00f6z\u00fcmler sunar.\",\"publisher\":{\"@id\":\"https:\\\/\\\/aktramedia.de\\\/#organization\"},\"potentialAction\":[{\"@type\":\"SearchAction\",\"target\":{\"@type\":\"EntryPoint\",\"urlTemplate\":\"https:\\\/\\\/aktramedia.de\\\/?s={search_term_string}\"},\"query-input\":{\"@type\":\"PropertyValueSpecification\",\"valueRequired\":true,\"valueName\":\"search_term_string\"}}],\"inLanguage\":\"tr\"},{\"@type\":\"Organization\",\"@id\":\"https:\\\/\\\/aktramedia.de\\\/#organization\",\"name\":\"AKTRA Media \u2013 Digital Relation Services GmbH\",\"url\":\"https:\\\/\\\/aktramedia.de\\\/\",\"logo\":{\"@type\":\"ImageObject\",\"inLanguage\":\"tr\",\"@id\":\"https:\\\/\\\/aktramedia.de\\\/#\\\/schema\\\/logo\\\/image\\\/\",\"url\":\"https:\\\/\\\/aktramedia.de\\\/wp-content\\\/uploads\\\/2017\\\/12\\\/logo-3.png\",\"contentUrl\":\"https:\\\/\\\/aktramedia.de\\\/wp-content\\\/uploads\\\/2017\\\/12\\\/logo-3.png\",\"width\":180,\"height\":64,\"caption\":\"AKTRA Media \u2013 Digital Relation Services GmbH\"},\"image\":{\"@id\":\"https:\\\/\\\/aktramedia.de\\\/#\\\/schema\\\/logo\\\/image\\\/\"}}]}<\/script>\n<!-- \/ Yoast SEO plugin. -->","yoast_head_json":{"title":"\u0130leti\u015fim - AKTRA Media GmbH","robots":{"index":"index","follow":"follow","max-snippet":"max-snippet:-1","max-image-preview":"max-image-preview:large","max-video-preview":"max-video-preview:-1"},"canonical":"https:\/\/aktramedia.de\/kontakt\/","og_locale":"tr_TR","og_type":"article","og_title":"\u0130leti\u015fim - AKTRA Media GmbH","og_url":"https:\/\/aktramedia.de\/kontakt\/","og_site_name":"AKTRA Media GmbH","article_modified_time":"2022-09-09T06:58:00+00:00","og_image":[{"width":2000,"height":500,"url":"https:\/\/aktramedia.de\/wp-content\/uploads\/2018\/02\/1003-CK.jpg","type":"image\/jpeg"}],"twitter_card":"summary_large_image","twitter_misc":{"Tahmini okuma s\u00fcresi":"1 dakika"},"schema":{"@context":"https:\/\/schema.org","@graph":[{"@type":"WebPage","@id":"https:\/\/aktramedia.de\/kontakt\/","url":"https:\/\/aktramedia.de\/kontakt\/","name":"\u0130leti\u015fim - AKTRA Media GmbH","isPartOf":{"@id":"https:\/\/aktramedia.de\/#website"},"primaryImageOfPage":{"@id":"https:\/\/aktramedia.de\/kontakt\/#primaryimage"},"image":{"@id":"https:\/\/aktramedia.de\/kontakt\/#primaryimage"},"thumbnailUrl":"https:\/\/aktramedia.de\/wp-content\/uploads\/2018\/02\/1003-CK.jpg","datePublished":"2017-12-20T15:49:18+00:00","dateModified":"2022-09-09T06:58:00+00:00","breadcrumb":{"@id":"https:\/\/aktramedia.de\/kontakt\/#breadcrumb"},"inLanguage":"tr","potentialAction":[{"@type":"ReadAction","target":["https:\/\/aktramedia.de\/kontakt\/"]}]},{"@type":"ImageObject","inLanguage":"tr","@id":"https:\/\/aktramedia.de\/kontakt\/#primaryimage","url":"https:\/\/aktramedia.de\/wp-content\/uploads\/2018\/02\/1003-CK.jpg","contentUrl":"https:\/\/aktramedia.de\/wp-content\/uploads\/2018\/02\/1003-CK.jpg","width":2000,"height":500},{"@type":"BreadcrumbList","@id":"https:\/\/aktramedia.de\/kontakt\/#breadcrumb","itemListElement":[{"@type":"ListItem","position":1,"name":"Startseite","item":"https:\/\/aktramedia.de\/"},{"@type":"ListItem","position":2,"name":"Kontakt"}]},{"@type":"WebSite","@id":"https:\/\/aktramedia.de\/#website","url":"https:\/\/aktramedia.de\/","name":"AKTRA Media GmbH","description":"Aktra Media seminer, proje veya i\u00e7erik y\u00f6netimine dair yenilik\u00e7i \u00e7\u00f6z\u00fcmler sunar.","publisher":{"@id":"https:\/\/aktramedia.de\/#organization"},"potentialAction":[{"@type":"SearchAction","target":{"@type":"EntryPoint","urlTemplate":"https:\/\/aktramedia.de\/?s={search_term_string}"},"query-input":{"@type":"PropertyValueSpecification","valueRequired":true,"valueName":"search_term_string"}}],"inLanguage":"tr"},{"@type":"Organization","@id":"https:\/\/aktramedia.de\/#organization","name":"AKTRA Media \u2013 Digital Relation Services GmbH","url":"https:\/\/aktramedia.de\/","logo":{"@type":"ImageObject","inLanguage":"tr","@id":"https:\/\/aktramedia.de\/#\/schema\/logo\/image\/","url":"https:\/\/aktramedia.de\/wp-content\/uploads\/2017\/12\/logo-3.png","contentUrl":"https:\/\/aktramedia.de\/wp-content\/uploads\/2017\/12\/logo-3.png","width":180,"height":64,"caption":"AKTRA Media \u2013 Digital Relation Services GmbH"},"image":{"@id":"https:\/\/aktramedia.de\/#\/schema\/logo\/image\/"}}]}},"_links":{"self":[{"href":"https:\/\/aktramedia.de\/tr\/wp-json\/wp\/v2\/pages\/1373","targetHints":{"allow":["GET"]}}],"collection":[{"href":"https:\/\/aktramedia.de\/tr\/wp-json\/wp\/v2\/pages"}],"about":[{"href":"https:\/\/aktramedia.de\/tr\/wp-json\/wp\/v2\/types\/page"}],"author":[{"embeddable":true,"href":"https:\/\/aktramedia.de\/tr\/wp-json\/wp\/v2\/users\/1"}],"replies":[{"embeddable":true,"href":"https:\/\/aktramedia.de\/tr\/wp-json\/wp\/v2\/comments?post=1373"}],"version-history":[{"count":29,"href":"https:\/\/aktramedia.de\/tr\/wp-json\/wp\/v2\/pages\/1373\/revisions"}],"predecessor-version":[{"id":2323,"href":"https:\/\/aktramedia.de\/tr\/wp-json\/wp\/v2\/pages\/1373\/revisions\/2323"}],"wp:featuredmedia":[{"embeddable":true,"href":"https:\/\/aktramedia.de\/tr\/wp-json\/wp\/v2\/media\/1799"}],"wp:attachment":[{"href":"https:\/\/aktramedia.de\/tr\/wp-json\/wp\/v2\/media?parent=1373"}],"curies":[{"name":"wp","href":"https:\/\/api.w.org\/{rel}","templated":true}]}}