{"id":1377,"date":"2017-12-20T16:50:13","date_gmt":"2017-12-20T15:50:13","guid":{"rendered":"https:\/\/aktramedia.de\/?page_id=1377"},"modified":"2018-12-13T10:19:10","modified_gmt":"2018-12-13T09:19:10","slug":"referenzen","status":"publish","type":"page","link":"https:\/\/aktramedia.de\/tr\/referenzen\/","title":{"rendered":"Referanslar"},"content":{"rendered":"<div class=\"text-center vertical-center\"><img loading=\"lazy\" decoding=\"async\" class=\"aligncenter wp-image-1873\" src=\"https:\/\/aktramedia.de\/wp-content\/uploads\/2018\/02\/00_Referenzen_Siemens-300x104.png\" alt=\"SIEMENS - Ingenuity for life\" width=\"400\" height=\"157\" \/><\/div>\n<p>&nbsp;<\/p>\n<div class=\"text-center vertical-center\"><\/div>\n<div><img loading=\"lazy\" decoding=\"async\" class=\"aligncenter wp-image-2024\" src=\"https:\/\/aktramedia.de\/wp-content\/uploads\/2018\/05\/RICOH_imagine_change_Logo-300x131.jpg\" alt=\"\" width=\"376\" height=\"164\" srcset=\"https:\/\/aktramedia.de\/wp-content\/uploads\/2018\/05\/RICOH_imagine_change_Logo-300x131.jpg 300w, https:\/\/aktramedia.de\/wp-content\/uploads\/2018\/05\/RICOH_imagine_change_Logo-768x335.jpg 768w, https:\/\/aktramedia.de\/wp-content\/uploads\/2018\/05\/RICOH_imagine_change_Logo-1024x447.jpg 1024w, https:\/\/aktramedia.de\/wp-content\/uploads\/2018\/05\/RICOH_imagine_change_Logo.jpg 1424w\" sizes=\"auto, (max-width: 376px) 100vw, 376px\" \/><\/div>\n","protected":false},"excerpt":{"rendered":"<p>&nbsp;<\/p>\n","protected":false},"author":1,"featured_media":1798,"parent":0,"menu_order":0,"comment_status":"closed","ping_status":"closed","template":"template-default.php","meta":{"footnotes":""},"class_list":["post-1377","page","type-page","status-publish","has-post-thumbnail","hentry"],"translation":{"provider":"WPGlobus","version":"3.0.2","language":"tr","enabled_languages":["de","en","tr"],"languages":{"de":{"title":true,"content":true,"excerpt":false},"en":{"title":true,"content":true,"excerpt":false},"tr":{"title":true,"content":true,"excerpt":false}}},"yoast_head":"<!-- This site is optimized with the Yoast SEO plugin v27.4 - https:\/\/yoast.com\/product\/yoast-seo-wordpress\/ -->\n<title>Referanslar - AKTRA Media GmbH<\/title>\n<meta name=\"robots\" content=\"index, follow, max-snippet:-1, max-image-preview:large, max-video-preview:-1\" \/>\n<link rel=\"canonical\" href=\"https:\/\/aktramedia.de\/referenzen\/\" \/>\n<meta property=\"og:locale\" content=\"tr_TR\" \/>\n<meta property=\"og:type\" content=\"article\" \/>\n<meta property=\"og:title\" content=\"Referanslar - AKTRA Media GmbH\" \/>\n<meta property=\"og:url\" content=\"https:\/\/aktramedia.de\/referenzen\/\" \/>\n<meta property=\"og:site_name\" content=\"AKTRA Media GmbH\" \/>\n<meta property=\"article:modified_time\" content=\"2018-12-13T09:19:10+00:00\" \/>\n<meta property=\"og:image\" content=\"https:\/\/aktramedia.de\/wp-content\/uploads\/2018\/02\/1703-CK.jpg\" \/>\n\t<meta property=\"og:image:width\" content=\"2000\" \/>\n\t<meta property=\"og:image:height\" content=\"500\" \/>\n\t<meta property=\"og:image:type\" content=\"image\/jpeg\" \/>\n<meta name=\"twitter:card\" content=\"summary_large_image\" \/>\n<script type=\"application\/ld+json\" class=\"yoast-schema-graph\">{\"@context\":\"https:\\\/\\\/schema.org\",\"@graph\":[{\"@type\":\"WebPage\",\"@id\":\"https:\\\/\\\/aktramedia.de\\\/referenzen\\\/\",\"url\":\"https:\\\/\\\/aktramedia.de\\\/referenzen\\\/\",\"name\":\"Referanslar - AKTRA Media GmbH\",\"isPartOf\":{\"@id\":\"https:\\\/\\\/aktramedia.de\\\/#website\"},\"primaryImageOfPage\":{\"@id\":\"https:\\\/\\\/aktramedia.de\\\/referenzen\\\/#primaryimage\"},\"image\":{\"@id\":\"https:\\\/\\\/aktramedia.de\\\/referenzen\\\/#primaryimage\"},\"thumbnailUrl\":\"https:\\\/\\\/aktramedia.de\\\/wp-content\\\/uploads\\\/2018\\\/02\\\/1703-CK.jpg\",\"datePublished\":\"2017-12-20T15:50:13+00:00\",\"dateModified\":\"2018-12-13T09:19:10+00:00\",\"breadcrumb\":{\"@id\":\"https:\\\/\\\/aktramedia.de\\\/referenzen\\\/#breadcrumb\"},\"inLanguage\":\"tr\",\"potentialAction\":[{\"@type\":\"ReadAction\",\"target\":[\"https:\\\/\\\/aktramedia.de\\\/referenzen\\\/\"]}]},{\"@type\":\"ImageObject\",\"inLanguage\":\"tr\",\"@id\":\"https:\\\/\\\/aktramedia.de\\\/referenzen\\\/#primaryimage\",\"url\":\"https:\\\/\\\/aktramedia.de\\\/wp-content\\\/uploads\\\/2018\\\/02\\\/1703-CK.jpg\",\"contentUrl\":\"https:\\\/\\\/aktramedia.de\\\/wp-content\\\/uploads\\\/2018\\\/02\\\/1703-CK.jpg\",\"width\":2000,\"height\":500},{\"@type\":\"BreadcrumbList\",\"@id\":\"https:\\\/\\\/aktramedia.de\\\/referenzen\\\/#breadcrumb\",\"itemListElement\":[{\"@type\":\"ListItem\",\"position\":1,\"name\":\"Startseite\",\"item\":\"https:\\\/\\\/aktramedia.de\\\/\"},{\"@type\":\"ListItem\",\"position\":2,\"name\":\"Referenzen\"}]},{\"@type\":\"WebSite\",\"@id\":\"https:\\\/\\\/aktramedia.de\\\/#website\",\"url\":\"https:\\\/\\\/aktramedia.de\\\/\",\"name\":\"AKTRA Media GmbH\",\"description\":\"Aktra Media seminer, proje veya i\u00e7erik y\u00f6netimine dair yenilik\u00e7i \u00e7\u00f6z\u00fcmler sunar.\",\"publisher\":{\"@id\":\"https:\\\/\\\/aktramedia.de\\\/#organization\"},\"potentialAction\":[{\"@type\":\"SearchAction\",\"target\":{\"@type\":\"EntryPoint\",\"urlTemplate\":\"https:\\\/\\\/aktramedia.de\\\/?s={search_term_string}\"},\"query-input\":{\"@type\":\"PropertyValueSpecification\",\"valueRequired\":true,\"valueName\":\"search_term_string\"}}],\"inLanguage\":\"tr\"},{\"@type\":\"Organization\",\"@id\":\"https:\\\/\\\/aktramedia.de\\\/#organization\",\"name\":\"AKTRA Media \u2013 Digital Relation Services GmbH\",\"url\":\"https:\\\/\\\/aktramedia.de\\\/\",\"logo\":{\"@type\":\"ImageObject\",\"inLanguage\":\"tr\",\"@id\":\"https:\\\/\\\/aktramedia.de\\\/#\\\/schema\\\/logo\\\/image\\\/\",\"url\":\"https:\\\/\\\/aktramedia.de\\\/wp-content\\\/uploads\\\/2017\\\/12\\\/logo-3.png\",\"contentUrl\":\"https:\\\/\\\/aktramedia.de\\\/wp-content\\\/uploads\\\/2017\\\/12\\\/logo-3.png\",\"width\":180,\"height\":64,\"caption\":\"AKTRA Media \u2013 Digital Relation Services GmbH\"},\"image\":{\"@id\":\"https:\\\/\\\/aktramedia.de\\\/#\\\/schema\\\/logo\\\/image\\\/\"}}]}<\/script>\n<!-- \/ Yoast SEO plugin. -->","yoast_head_json":{"title":"Referanslar - AKTRA Media GmbH","robots":{"index":"index","follow":"follow","max-snippet":"max-snippet:-1","max-image-preview":"max-image-preview:large","max-video-preview":"max-video-preview:-1"},"canonical":"https:\/\/aktramedia.de\/referenzen\/","og_locale":"tr_TR","og_type":"article","og_title":"Referanslar - AKTRA Media GmbH","og_url":"https:\/\/aktramedia.de\/referenzen\/","og_site_name":"AKTRA Media GmbH","article_modified_time":"2018-12-13T09:19:10+00:00","og_image":[{"width":2000,"height":500,"url":"https:\/\/aktramedia.de\/wp-content\/uploads\/2018\/02\/1703-CK.jpg","type":"image\/jpeg"}],"twitter_card":"summary_large_image","schema":{"@context":"https:\/\/schema.org","@graph":[{"@type":"WebPage","@id":"https:\/\/aktramedia.de\/referenzen\/","url":"https:\/\/aktramedia.de\/referenzen\/","name":"Referanslar - AKTRA Media GmbH","isPartOf":{"@id":"https:\/\/aktramedia.de\/#website"},"primaryImageOfPage":{"@id":"https:\/\/aktramedia.de\/referenzen\/#primaryimage"},"image":{"@id":"https:\/\/aktramedia.de\/referenzen\/#primaryimage"},"thumbnailUrl":"https:\/\/aktramedia.de\/wp-content\/uploads\/2018\/02\/1703-CK.jpg","datePublished":"2017-12-20T15:50:13+00:00","dateModified":"2018-12-13T09:19:10+00:00","breadcrumb":{"@id":"https:\/\/aktramedia.de\/referenzen\/#breadcrumb"},"inLanguage":"tr","potentialAction":[{"@type":"ReadAction","target":["https:\/\/aktramedia.de\/referenzen\/"]}]},{"@type":"ImageObject","inLanguage":"tr","@id":"https:\/\/aktramedia.de\/referenzen\/#primaryimage","url":"https:\/\/aktramedia.de\/wp-content\/uploads\/2018\/02\/1703-CK.jpg","contentUrl":"https:\/\/aktramedia.de\/wp-content\/uploads\/2018\/02\/1703-CK.jpg","width":2000,"height":500},{"@type":"BreadcrumbList","@id":"https:\/\/aktramedia.de\/referenzen\/#breadcrumb","itemListElement":[{"@type":"ListItem","position":1,"name":"Startseite","item":"https:\/\/aktramedia.de\/"},{"@type":"ListItem","position":2,"name":"Referenzen"}]},{"@type":"WebSite","@id":"https:\/\/aktramedia.de\/#website","url":"https:\/\/aktramedia.de\/","name":"AKTRA Media GmbH","description":"Aktra Media seminer, proje veya i\u00e7erik y\u00f6netimine dair yenilik\u00e7i \u00e7\u00f6z\u00fcmler sunar.","publisher":{"@id":"https:\/\/aktramedia.de\/#organization"},"potentialAction":[{"@type":"SearchAction","target":{"@type":"EntryPoint","urlTemplate":"https:\/\/aktramedia.de\/?s={search_term_string}"},"query-input":{"@type":"PropertyValueSpecification","valueRequired":true,"valueName":"search_term_string"}}],"inLanguage":"tr"},{"@type":"Organization","@id":"https:\/\/aktramedia.de\/#organization","name":"AKTRA Media \u2013 Digital Relation Services GmbH","url":"https:\/\/aktramedia.de\/","logo":{"@type":"ImageObject","inLanguage":"tr","@id":"https:\/\/aktramedia.de\/#\/schema\/logo\/image\/","url":"https:\/\/aktramedia.de\/wp-content\/uploads\/2017\/12\/logo-3.png","contentUrl":"https:\/\/aktramedia.de\/wp-content\/uploads\/2017\/12\/logo-3.png","width":180,"height":64,"caption":"AKTRA Media \u2013 Digital Relation Services GmbH"},"image":{"@id":"https:\/\/aktramedia.de\/#\/schema\/logo\/image\/"}}]}},"_links":{"self":[{"href":"https:\/\/aktramedia.de\/tr\/wp-json\/wp\/v2\/pages\/1377","targetHints":{"allow":["GET"]}}],"collection":[{"href":"https:\/\/aktramedia.de\/tr\/wp-json\/wp\/v2\/pages"}],"about":[{"href":"https:\/\/aktramedia.de\/tr\/wp-json\/wp\/v2\/types\/page"}],"author":[{"embeddable":true,"href":"https:\/\/aktramedia.de\/tr\/wp-json\/wp\/v2\/users\/1"}],"replies":[{"embeddable":true,"href":"https:\/\/aktramedia.de\/tr\/wp-json\/wp\/v2\/comments?post=1377"}],"version-history":[{"count":57,"href":"https:\/\/aktramedia.de\/tr\/wp-json\/wp\/v2\/pages\/1377\/revisions"}],"predecessor-version":[{"id":2106,"href":"https:\/\/aktramedia.de\/tr\/wp-json\/wp\/v2\/pages\/1377\/revisions\/2106"}],"wp:featuredmedia":[{"embeddable":true,"href":"https:\/\/aktramedia.de\/tr\/wp-json\/wp\/v2\/media\/1798"}],"wp:attachment":[{"href":"https:\/\/aktramedia.de\/tr\/wp-json\/wp\/v2\/media?parent=1377"}],"curies":[{"name":"wp","href":"https:\/\/api.w.org\/{rel}","templated":true}]}}