{"id":1557,"date":"2017-12-27T17:17:41","date_gmt":"2017-12-27T16:17:41","guid":{"rendered":"https:\/\/aktramedia.de\/?page_id=1557"},"modified":"2022-09-09T09:00:25","modified_gmt":"2022-09-09T07:00:25","slug":"impressum","status":"publish","type":"page","link":"https:\/\/aktramedia.de\/tr\/impressum\/","title":{"rendered":"K\u00fcnye"},"content":{"rendered":"<p><strong>AKTRA Media \u2013 Digital Relation Services GmbH<\/strong><\/p>\n<p>Oberweg 6<br \/>\n82008 Unterhaching<\/p>\n<p><strong>Telefon:<\/strong> +49 (89) 327 960 36<br \/>\n<strong>Fax:<\/strong> +49 (89) 327 960 35<br \/>\n<strong>E-posta:<\/strong> info@aktramedia.de<\/p>\n<p>&nbsp;<\/p>\n<h3>Vertreten durch:<\/h3>\n<p>Gesch\u00e4ftsf\u00fchrer Erdal Akg\u00fcl<br \/>\nGesch\u00e4ftsf\u00fchrer Asil Kaya<\/p>\n<h3>Registereintrag:<\/h3>\n<p>eingetragen im Handelsregister<br \/>\nRegistergericht: M\u00fcnchen<br \/>\nRegisternummer: HRB 226192<\/p>\n<h3>Verantwortlich f\u00fcr den Inhalt (gem. \u00a7 55 Abs. 2 RStV):<\/h3>\n<p>Erdal Akg\u00fcl<br \/>\nAsil Kaya<\/p>\n<h3>Steuernummer :<\/h3>\n<p>143\/112\/30965 &#8211; Finanzamt M\u00fcnchen<\/p>\n<div class=\"csc-header csc-header-n5\">\n<h3>Ust-IDNr.:<\/h3>\n<\/div>\n<p><!-- Header: [end] --> <!-- Text: [begin] --><\/p>\n<p class=\"bodytext\">DE306907375<\/p>\n<p>&nbsp;<\/p>\n<h2>Feragatname:<\/h2>\n<h3>\u0130\u00e7eriklere ili\u015fkin sorumluluk<\/h3>\n<p>Sayfalar\u0131m\u0131zdaki i\u00e7erik son derece \u00f6zenle haz\u0131rlanm\u0131\u015ft\u0131r. Ancak i\u00e7eriklerin do\u011frulu\u011fu, taml\u0131\u011f\u0131 ve g\u00fcncelli\u011fi konusunda herhangi bir sorumlulu\u011fumuz yoktur. Hizmet sa\u011flay\u0131c\u0131s\u0131 olarak, Alman Tele-medya Kanunu\u2019nun (TMK) 7. B\u00f6l\u00fcm\u00fc 1. K\u0131sm\u0131 uyar\u0131nca, bu sayfalarda yer alan kendi i\u00e7eriklerimizden sorumluyuz. TMK\u2019n\u0131n 8 ila 10\u2019uncu b\u00f6l\u00fcmleri uyar\u0131nca ise hizmet sa\u011flay\u0131c\u0131lar\u0131 olarak, iletilen veya saklanan \u00fc\u00e7\u00fcnc\u00fc taraf bilgilerini takip etme veya yasad\u0131\u015f\u0131 eylem belirtisi g\u00f6steren \u015fartlar\u0131 ara\u015ft\u0131rma mecburiyetimiz yoktur. Bu durum, genel kanunlar uyar\u0131nca bilgilerin kald\u0131r\u0131lmas\u0131 ya da kullan\u0131m\u0131n\u0131n engellenmesine dair zorunluluklar\u0131 etkilemez. Ancak, bu ba\u011flamda sorumluluk yaln\u0131zca somut bir yasa ihlalinin bilgisi al\u0131nd\u0131\u011f\u0131 andan itibaren ge\u00e7erli olabilir. Bu t\u00fcr bir yasa ihlalinden haberdar oldu\u011fumuz an, ilgili i\u00e7erikleri derhal kald\u0131raca\u011f\u0131z.<\/p>\n<h3>Ba\u011flant\u0131 adreslerine ili\u015fkin sorumluluk<\/h3>\n<p>\u0130nternet sitemizde, i\u00e7erikleri \u00fczerinde hi\u00e7bir etkimiz olmayan \u00fc\u00e7\u00fcnc\u00fc taraflar\u0131n harici internet sitelerine ba\u011flant\u0131lar yer al\u0131r. Bu nedenle bu harici i\u00e7eriklere ili\u015fkin hi\u00e7bir sorumlulu\u011fumuz bulunmamaktad\u0131r. Sayfalar\u0131n ilgili sa\u011flay\u0131c\u0131s\u0131 ya da i\u015fletmecisi ba\u011flant\u0131lar\u0131 verilen sayfalar\u0131n i\u00e7eri\u011finden daima sorumludur. Ba\u011flant\u0131lar\u0131 verilen sayfalar, ba\u011flant\u0131lar\u0131n yerle\u015ftirildi\u011fi esnada olas\u0131 yasal ihlallere kar\u015f\u0131 kontrol edilmi\u015ftir. Bu esnada yasa d\u0131\u015f\u0131 i\u00e7erik tespit edilmemi\u015ftir. Ancak, somut bir yasa ihlali delili olmaks\u0131z\u0131n ba\u011flant\u0131 adresleri verilen sayfalar\u0131n s\u00fcrekli takip edilmesi makul de\u011fildir. Herhangi bir yasa ihlali tespit etti\u011fimiz takdirde, ilgili ba\u011flant\u0131 adreslerini silece\u011fiz.<\/p>\n<p>&nbsp;<\/p>\n<h2>Foto\u011fraf kullan\u0131m\u0131<\/h2>\n<h3>image usage<\/h3>\n<p>Burada kullan\u0131lan foto\u011fraflar telif haklar\u0131yla korunmaktad\u0131r. Foto\u011fraflar\u0131n bas\u0131l\u0131 veya elektronik olarak kaydedilmesi, da\u011f\u0131t\u0131lmas\u0131 ve kullan\u0131m\u0131 foto\u011fraf sahibine iletilen yaz\u0131l\u0131 izin ba\u015fvurusuna tabidir.<\/p>\n<h3>Lisansl\u0131 Foto\u011fraflar<\/h3>\n<p>Ana sayfam\u0131zda yer alan foto\u011fraflar iStockphoto.de ve Shutterstock.de sitelerinden al\u0131nm\u0131\u015ft\u0131r.<br \/>\nA\u015fa\u011f\u0131daki foto\u011fraflara ait lisanslar\u0131m\u0131z mevcuttur:<\/p>\n<p>Quelle: \u00a9 iStockphoto Autor: kokouu Stock-Fotografie-ID: 492358686 > <a href=\"https:\/\/aktramedia.de\/wp-content\/uploads\/2018\/02\/Aktra_Tabletmedia_492358686.jpg\" target=\"_blank\" rel=\"noopener noreferrer\">Zur Bildansicht<\/a><br \/>\nQuelle: \u00a9 iStockphoto Autor: Yuri_Arcurs Stock-Fotografie-ID: 529317109 > <a href=\"https:\/\/aktramedia.de\/wp-content\/uploads\/2018\/02\/Aktra_Projektmanagement_529317109.jpg\" target=\"_blank\" rel=\"noopener noreferrer\">Zur Bildansicht<\/a><br \/>\nQuelle: \u00a9 iStockphoto Autor: Waxwaxwax Stock-Fotografie-ID: 582265246 > <a href=\"https:\/\/aktramedia.de\/wp-content\/uploads\/2018\/02\/Aktra_Contentmanagement_582265246.jpg\" target=\"_blank\" rel=\"noopener noreferrer\">Zur Bildansicht<\/a><br \/>\nQuelle: \u00a9 iStockphoto Autor: kasayizgi Stock-Fotografie-ID: 173628758 > <a href=\"https:\/\/aktramedia.de\/wp-content\/uploads\/2018\/02\/Aktra_Evaluation_173628758.jpg\" target=\"_blank\" rel=\"noopener noreferrer\">Zur Bildansicht<\/a><br \/>\nQuelle: \u00a9 iStockphoto Autor: grinvalds Stock-Fotografie-ID: 515971506 > <a href=\"https:\/\/aktramedia.de\/wp-content\/uploads\/2018\/02\/Aktra_E-Learning_515971506.jpg\" target=\"_blank\" rel=\"noopener noreferrer\">Zur Bildansicht<\/a><br \/>\nQuelle: \u00a9 iStockphoto Autor: mediaphotos Stock-Fotografie-ID: 859803994 > <a href=\"https:\/\/aktramedia.de\/wp-content\/uploads\/2018\/02\/Aktra_Technische-Redaktion_859803994.jpg\" target=\"_blank\" rel=\"noopener noreferrer\">Zur Bildansicht<\/a><br \/>\nQuelle: \u00a9 iStockphoto Autor: zlikovec Stock-Fotografie-ID: 536674684 > <a href=\"https:\/\/aktramedia.de\/wp-content\/uploads\/2018\/02\/Aktra_Barrierefreie-Dokumente_536674684.jpg\" target=\"_blank\" rel=\"noopener noreferrer\">Zur Bildansicht<\/a><br \/>\nQuelle: \u00a9 iStockphoto Autor: jeffbergen Stock-Fotografie-ID: 894635534 > <a href=\"https:\/\/aktramedia.de\/wp-content\/uploads\/2018\/02\/Aktra_ProgramCoordinator_894635534.jpg\" target=\"_blank\" rel=\"noopener noreferrer\">Zur Bildansicht<\/a><br \/>\nQuelle: \u00a9 iStockphoto Autor: gilaxia Stock-Fotografie-ID: 621272078 > <a href=\"https:\/\/aktramedia.de\/wp-content\/uploads\/2018\/02\/Aktra_IT-Support_621272078.jpg\" target=\"_blank\" rel=\"noopener noreferrer\">Zur Bildansicht<\/a><br \/>\nQuelle: \u00a9 iStockphoto Autor: gorodenkoff Stock-Fotografie-ID: 846843010 > <a href=\"https:\/\/aktramedia.de\/wp-content\/uploads\/2018\/02\/Aktra_Studio_846843010.jpg\" target=\"_blank\" rel=\"noopener noreferrer\">Zur Bildansicht<\/a><br \/>\nQuelle: \u00a9 iStockphoto Autor: istocksdaily Stock-Fotografie-ID: 649124874 > <a href=\"https:\/\/aktramedia.de\/wp-content\/uploads\/2018\/02\/Aktra_Home_649124874.jpg\" target=\"_blank\" rel=\"noopener noreferrer\">Zur Bildansicht<\/a><br \/>\nQuelle: \u00a9 iStockphoto Autor: DragonImages Stock-Fotografie-ID: 519161834 > <a href=\"https:\/\/aktramedia.de\/wp-content\/uploads\/2018\/02\/Aktra_Testing_519161834.jpg\" target=\"_blank\" rel=\"noopener noreferrer\">Zur Bildansicht<\/a><br \/>\nQuelle: \u00a9shutterstock Autor: Monster Ztudio Stockfoto-ID: 739797655 > <a href=\"https:\/\/aktramedia.de\/wp-content\/uploads\/2018\/02\/Aktra_change_739797655.jpg\" target=\"_blank\" rel=\"noopener noreferrer\">Zur Bildansicht<\/a><br \/>\nQuelle: \u00a9shutterstock Autor: Elnur Stockfoto-ID: 472119973 > <a href=\"https:\/\/aktramedia.de\/wp-content\/uploads\/2018\/02\/Aktra_Portfolio_472119973.jpg\" target=\"_blank\" rel=\"noopener noreferrer\">Zur Bildansicht<\/a><br \/>\nQuelle: \u00a9shutterstock Autor: Gajus Stockfoto-ID: 686306821 > <a href=\"https:\/\/aktramedia.de\/wp-content\/uploads\/2018\/02\/Aktra_Referenzen_686306821.jpg\" target=\"_blank\" rel=\"noopener noreferrer\">Zur Bildansicht<\/a><br \/>\nQuelle: \u00a9shutterstock Autor: Peshkova Stockfoto-ID: 688509169 > <a href=\"https:\/\/aktramedia.de\/wp-content\/uploads\/2018\/02\/Aktra_Unernehmen_688509169.jpg\" target=\"_blank\" rel=\"noopener noreferrer\">Zur Bildansicht<\/a><br \/>\nQuelle: \u00a9shutterstock Autor: Wetzkaz Graphics Stockfoto-ID: 613355072 > <a href=\"https:\/\/aktramedia.de\/wp-content\/uploads\/2018\/02\/Aktra_Kontakt_613355072.jpg\" target=\"_blank\" rel=\"noopener noreferrer\">Zur Bildansicht<\/a><\/p>\n","protected":false},"excerpt":{"rendered":"<p>AKTRA Media \u2013 Digital Relation Services GmbH Oberweg 6 82008 Unterhaching Telefon: +49 (89) 327 960 36 Fax: +49 (89) 327 960 35 E-posta: info@aktramedia.de &nbsp; Vertreten durch: Gesch\u00e4ftsf\u00fchrer Erdal &#8230;<\/p>\n","protected":false},"author":1,"featured_media":1834,"parent":0,"menu_order":0,"comment_status":"closed","ping_status":"closed","template":"template-default.php","meta":{"footnotes":""},"class_list":["post-1557","page","type-page","status-publish","has-post-thumbnail","hentry"],"translation":{"provider":"WPGlobus","version":"3.0.2","language":"tr","enabled_languages":["de","en","tr"],"languages":{"de":{"title":true,"content":true,"excerpt":false},"en":{"title":true,"content":true,"excerpt":false},"tr":{"title":true,"content":true,"excerpt":false}}},"yoast_head":"<!-- This site is optimized with the Yoast SEO plugin v27.6 - https:\/\/yoast.com\/product\/yoast-seo-wordpress\/ -->\n<title>K\u00fcnye - AKTRA Media GmbH<\/title>\n<meta name=\"robots\" content=\"index, follow, max-snippet:-1, max-image-preview:large, max-video-preview:-1\" \/>\n<link rel=\"canonical\" href=\"https:\/\/aktramedia.de\/impressum\/\" \/>\n<meta property=\"og:locale\" content=\"tr_TR\" \/>\n<meta property=\"og:type\" content=\"article\" \/>\n<meta property=\"og:title\" content=\"K\u00fcnye - AKTRA Media GmbH\" \/>\n<meta property=\"og:url\" content=\"https:\/\/aktramedia.de\/impressum\/\" \/>\n<meta property=\"og:site_name\" content=\"AKTRA Media GmbH\" \/>\n<meta property=\"article:modified_time\" content=\"2022-09-09T07:00:25+00:00\" \/>\n<meta property=\"og:image\" content=\"https:\/\/aktramedia.de\/wp-content\/uploads\/2018\/02\/04_logo_impressum.png\" \/>\n\t<meta property=\"og:image:width\" content=\"1555\" \/>\n\t<meta property=\"og:image:height\" content=\"947\" \/>\n\t<meta property=\"og:image:type\" content=\"image\/png\" \/>\n<meta name=\"twitter:card\" content=\"summary_large_image\" \/>\n<meta name=\"twitter:label1\" content=\"Tahmini okuma s\u00fcresi\" \/>\n\t<meta name=\"twitter:data1\" content=\"3 dakika\" \/>\n<script type=\"application\/ld+json\" class=\"yoast-schema-graph\">{\"@context\":\"https:\\\/\\\/schema.org\",\"@graph\":[{\"@type\":\"WebPage\",\"@id\":\"https:\\\/\\\/aktramedia.de\\\/impressum\\\/\",\"url\":\"https:\\\/\\\/aktramedia.de\\\/impressum\\\/\",\"name\":\"K\u00fcnye - AKTRA Media GmbH\",\"isPartOf\":{\"@id\":\"https:\\\/\\\/aktramedia.de\\\/#website\"},\"primaryImageOfPage\":{\"@id\":\"https:\\\/\\\/aktramedia.de\\\/impressum\\\/#primaryimage\"},\"image\":{\"@id\":\"https:\\\/\\\/aktramedia.de\\\/impressum\\\/#primaryimage\"},\"thumbnailUrl\":\"https:\\\/\\\/aktramedia.de\\\/wp-content\\\/uploads\\\/2018\\\/02\\\/04_logo_impressum.png\",\"datePublished\":\"2017-12-27T16:17:41+00:00\",\"dateModified\":\"2022-09-09T07:00:25+00:00\",\"breadcrumb\":{\"@id\":\"https:\\\/\\\/aktramedia.de\\\/impressum\\\/#breadcrumb\"},\"inLanguage\":\"tr\",\"potentialAction\":[{\"@type\":\"ReadAction\",\"target\":[\"https:\\\/\\\/aktramedia.de\\\/impressum\\\/\"]}]},{\"@type\":\"ImageObject\",\"inLanguage\":\"tr\",\"@id\":\"https:\\\/\\\/aktramedia.de\\\/impressum\\\/#primaryimage\",\"url\":\"https:\\\/\\\/aktramedia.de\\\/wp-content\\\/uploads\\\/2018\\\/02\\\/04_logo_impressum.png\",\"contentUrl\":\"https:\\\/\\\/aktramedia.de\\\/wp-content\\\/uploads\\\/2018\\\/02\\\/04_logo_impressum.png\",\"width\":1555,\"height\":947,\"caption\":\"Trainingslogo des Unternehmen Aktra\"},{\"@type\":\"BreadcrumbList\",\"@id\":\"https:\\\/\\\/aktramedia.de\\\/impressum\\\/#breadcrumb\",\"itemListElement\":[{\"@type\":\"ListItem\",\"position\":1,\"name\":\"Startseite\",\"item\":\"https:\\\/\\\/aktramedia.de\\\/\"},{\"@type\":\"ListItem\",\"position\":2,\"name\":\"Impressum\"}]},{\"@type\":\"WebSite\",\"@id\":\"https:\\\/\\\/aktramedia.de\\\/#website\",\"url\":\"https:\\\/\\\/aktramedia.de\\\/\",\"name\":\"AKTRA Media GmbH\",\"description\":\"Aktra Media seminer, proje veya i\u00e7erik y\u00f6netimine dair yenilik\u00e7i \u00e7\u00f6z\u00fcmler sunar.\",\"publisher\":{\"@id\":\"https:\\\/\\\/aktramedia.de\\\/#organization\"},\"potentialAction\":[{\"@type\":\"SearchAction\",\"target\":{\"@type\":\"EntryPoint\",\"urlTemplate\":\"https:\\\/\\\/aktramedia.de\\\/?s={search_term_string}\"},\"query-input\":{\"@type\":\"PropertyValueSpecification\",\"valueRequired\":true,\"valueName\":\"search_term_string\"}}],\"inLanguage\":\"tr\"},{\"@type\":\"Organization\",\"@id\":\"https:\\\/\\\/aktramedia.de\\\/#organization\",\"name\":\"AKTRA Media \u2013 Digital Relation Services GmbH\",\"url\":\"https:\\\/\\\/aktramedia.de\\\/\",\"logo\":{\"@type\":\"ImageObject\",\"inLanguage\":\"tr\",\"@id\":\"https:\\\/\\\/aktramedia.de\\\/#\\\/schema\\\/logo\\\/image\\\/\",\"url\":\"https:\\\/\\\/aktramedia.de\\\/wp-content\\\/uploads\\\/2017\\\/12\\\/logo-3.png\",\"contentUrl\":\"https:\\\/\\\/aktramedia.de\\\/wp-content\\\/uploads\\\/2017\\\/12\\\/logo-3.png\",\"width\":180,\"height\":64,\"caption\":\"AKTRA Media \u2013 Digital Relation Services GmbH\"},\"image\":{\"@id\":\"https:\\\/\\\/aktramedia.de\\\/#\\\/schema\\\/logo\\\/image\\\/\"}}]}<\/script>\n<!-- \/ Yoast SEO plugin. -->","yoast_head_json":{"title":"K\u00fcnye - AKTRA Media GmbH","robots":{"index":"index","follow":"follow","max-snippet":"max-snippet:-1","max-image-preview":"max-image-preview:large","max-video-preview":"max-video-preview:-1"},"canonical":"https:\/\/aktramedia.de\/impressum\/","og_locale":"tr_TR","og_type":"article","og_title":"K\u00fcnye - AKTRA Media GmbH","og_url":"https:\/\/aktramedia.de\/impressum\/","og_site_name":"AKTRA Media GmbH","article_modified_time":"2022-09-09T07:00:25+00:00","og_image":[{"width":1555,"height":947,"url":"https:\/\/aktramedia.de\/wp-content\/uploads\/2018\/02\/04_logo_impressum.png","type":"image\/png"}],"twitter_card":"summary_large_image","twitter_misc":{"Tahmini okuma s\u00fcresi":"3 dakika"},"schema":{"@context":"https:\/\/schema.org","@graph":[{"@type":"WebPage","@id":"https:\/\/aktramedia.de\/impressum\/","url":"https:\/\/aktramedia.de\/impressum\/","name":"K\u00fcnye - AKTRA Media GmbH","isPartOf":{"@id":"https:\/\/aktramedia.de\/#website"},"primaryImageOfPage":{"@id":"https:\/\/aktramedia.de\/impressum\/#primaryimage"},"image":{"@id":"https:\/\/aktramedia.de\/impressum\/#primaryimage"},"thumbnailUrl":"https:\/\/aktramedia.de\/wp-content\/uploads\/2018\/02\/04_logo_impressum.png","datePublished":"2017-12-27T16:17:41+00:00","dateModified":"2022-09-09T07:00:25+00:00","breadcrumb":{"@id":"https:\/\/aktramedia.de\/impressum\/#breadcrumb"},"inLanguage":"tr","potentialAction":[{"@type":"ReadAction","target":["https:\/\/aktramedia.de\/impressum\/"]}]},{"@type":"ImageObject","inLanguage":"tr","@id":"https:\/\/aktramedia.de\/impressum\/#primaryimage","url":"https:\/\/aktramedia.de\/wp-content\/uploads\/2018\/02\/04_logo_impressum.png","contentUrl":"https:\/\/aktramedia.de\/wp-content\/uploads\/2018\/02\/04_logo_impressum.png","width":1555,"height":947,"caption":"Trainingslogo des Unternehmen Aktra"},{"@type":"BreadcrumbList","@id":"https:\/\/aktramedia.de\/impressum\/#breadcrumb","itemListElement":[{"@type":"ListItem","position":1,"name":"Startseite","item":"https:\/\/aktramedia.de\/"},{"@type":"ListItem","position":2,"name":"Impressum"}]},{"@type":"WebSite","@id":"https:\/\/aktramedia.de\/#website","url":"https:\/\/aktramedia.de\/","name":"AKTRA Media GmbH","description":"Aktra Media seminer, proje veya i\u00e7erik y\u00f6netimine dair yenilik\u00e7i \u00e7\u00f6z\u00fcmler sunar.","publisher":{"@id":"https:\/\/aktramedia.de\/#organization"},"potentialAction":[{"@type":"SearchAction","target":{"@type":"EntryPoint","urlTemplate":"https:\/\/aktramedia.de\/?s={search_term_string}"},"query-input":{"@type":"PropertyValueSpecification","valueRequired":true,"valueName":"search_term_string"}}],"inLanguage":"tr"},{"@type":"Organization","@id":"https:\/\/aktramedia.de\/#organization","name":"AKTRA Media \u2013 Digital Relation Services GmbH","url":"https:\/\/aktramedia.de\/","logo":{"@type":"ImageObject","inLanguage":"tr","@id":"https:\/\/aktramedia.de\/#\/schema\/logo\/image\/","url":"https:\/\/aktramedia.de\/wp-content\/uploads\/2017\/12\/logo-3.png","contentUrl":"https:\/\/aktramedia.de\/wp-content\/uploads\/2017\/12\/logo-3.png","width":180,"height":64,"caption":"AKTRA Media \u2013 Digital Relation Services GmbH"},"image":{"@id":"https:\/\/aktramedia.de\/#\/schema\/logo\/image\/"}}]}},"_links":{"self":[{"href":"https:\/\/aktramedia.de\/tr\/wp-json\/wp\/v2\/pages\/1557","targetHints":{"allow":["GET"]}}],"collection":[{"href":"https:\/\/aktramedia.de\/tr\/wp-json\/wp\/v2\/pages"}],"about":[{"href":"https:\/\/aktramedia.de\/tr\/wp-json\/wp\/v2\/types\/page"}],"author":[{"embeddable":true,"href":"https:\/\/aktramedia.de\/tr\/wp-json\/wp\/v2\/users\/1"}],"replies":[{"embeddable":true,"href":"https:\/\/aktramedia.de\/tr\/wp-json\/wp\/v2\/comments?post=1557"}],"version-history":[{"count":64,"href":"https:\/\/aktramedia.de\/tr\/wp-json\/wp\/v2\/pages\/1557\/revisions"}],"predecessor-version":[{"id":2326,"href":"https:\/\/aktramedia.de\/tr\/wp-json\/wp\/v2\/pages\/1557\/revisions\/2326"}],"wp:featuredmedia":[{"embeddable":true,"href":"https:\/\/aktramedia.de\/tr\/wp-json\/wp\/v2\/media\/1834"}],"wp:attachment":[{"href":"https:\/\/aktramedia.de\/tr\/wp-json\/wp\/v2\/media?parent=1557"}],"curies":[{"name":"wp","href":"https:\/\/api.w.org\/{rel}","templated":true}]}}