{"id":1631,"date":"2017-12-29T19:17:22","date_gmt":"2017-12-29T18:17:22","guid":{"rendered":"https:\/\/aktramedia.de\/?page_id=1631"},"modified":"2019-04-16T11:33:06","modified_gmt":"2019-04-16T09:33:06","slug":"datenschutz","status":"publish","type":"page","link":"https:\/\/aktramedia.de\/tr\/datenschutz\/","title":{"rendered":"Veri koruma"},"content":{"rendered":"<p>Bu internet sitesi, Google Inc. (\u201cGoogle\u201d) \u015firketine ait Google Analytics internet analiz hizmetini kullanmaktad\u0131r. Google Analytics, internet sitesi kullan\u0131c\u0131lar\u0131n\u0131n siteyi nas\u0131l kulland\u0131\u011f\u0131n\u0131 analiz etmek \u00fczere bilgisayar\u0131n\u0131za yerle\u015ftirilen \u201c\u00e7erezleri\u201d, yani metin dosyalar\u0131n\u0131 kullan\u0131r. \u00c7erezlerin bu internet sitesini kullan\u0131m\u0131n\u0131za dair edindi\u011fi bilgiler genellikle ABD\u2019de bir Google sunucusuna iletilir ve burada saklan\u0131r. Ancak bu internet sitesinde IP anonim hale getirilmi\u015fse, Google IP adresinizi Avrupa Birli\u011fi \u00dcye Devletleri\u2019nde veya Avrupa Ekonomik Alan\u0131 Anla\u015fmas\u0131\u2019na taraf olmu\u015f di\u011fer \u00fclkelerde \u00f6nceden k\u0131s\u0131tlayacakt\u0131r. Yaln\u0131zca istisnai durumlarda IP adresinizin tamam\u0131 ABD\u2019de bir Google sunucusuna iletilecek ve burada k\u0131salt\u0131lacakt\u0131r. Google bu bilgiyi, bu internet sitesinin i\u015fletmecisi ad\u0131na, bu internet sitesini kullan\u0131m\u0131n\u0131z\u0131 de\u011ferlendirmek, internet sitesi hareketleri raporlar\u0131 olu\u015fturmak ve i\u015fletmeciye internet sitesi ve internet kullan\u0131m\u0131na ili\u015fkin ba\u015fka hizmetler sunmak \u00fczere kullanacakt\u0131r. Taray\u0131c\u0131n\u0131z\u0131n Google Analytics ba\u011flam\u0131nda iletti\u011fi IP adresi di\u011fer Google verileriyle birle\u015ftirilmez. Taray\u0131c\u0131n\u0131zda ilgili ayarlar\u0131 se\u00e7erek \u00e7erezlerin kullan\u0131m\u0131n\u0131 reddedebilirsiniz. Ancak b\u00f6ylelikle bu internet sitesinin i\u015flevlerini tam olarak kullanamayabilirsiniz. Ayr\u0131ca, <a href=\"http:\/\/tools.google.com\/dlpage\/gaoptout?hl=tr\">http:\/\/tools.google.com\/dlpage\/gaoptout?hl=tr<\/a> adresindeki taray\u0131c\u0131 eklentisini indirip kurarak Google\u2019\u0131n \u00e7erezler arac\u0131l\u0131\u011f\u0131yla bu internet sitesini kullan\u0131m\u0131n\u0131za ili\u015fkin (IP adresiniz dahil) veri toplamas\u0131n\u0131 ve Google\u2019\u0131n bu veriyi i\u015flemesini engelleyebilirsiniz.<\/p>\n<p>A\u015fa\u011f\u0131daki ba\u011flant\u0131 adresini t\u0131klayarak Google Analytics\u2019in veri toplamas\u0131n\u0131 engelleyebilirsiniz. \u0130leride bu internet sitesini ziyaret etti\u011finizde verilerinizin toplanmas\u0131n\u0131 engellemek i\u00e7in bir vazge\u00e7me se\u00e7ene\u011fi mevcuttur.<br \/>\n<a onclick=\"alert('Google Analytics devre d\u0131\u015f\u0131 b\u0131rak\u0131ld\u0131');\" \nhref=\"javascript:gaOptout()\">Google Analytics\u2019i Devre D\u0131\u015f\u0131 B\u0131rak<\/a><\/p>\n<p>Kullan\u0131m ko\u015fullar\u0131 ve veri korumaya ili\u015fkin daha fazla bilgi i\u00e7in: http:\/\/www.google.com\/analytics\/terms\/de.html veya https:\/\/www.google.de\/intl\/de\/policies\/<br \/>\nIP adreslerinin anonim olarak toplanabilmesi i\u00e7in bu internet sitesindeki Google Analytics \u201canonymizelp\u201d \u00f6zelli\u011fine (IP gizleme) kodu eklenmi\u015ftir.<\/p>\n","protected":false},"excerpt":{"rendered":"<p>Bu internet sitesi, Google Inc. (\u201cGoogle\u201d) \u015firketine ait Google Analytics internet analiz hizmetini kullanmaktad\u0131r. Google Analytics, internet sitesi kullan\u0131c\u0131lar\u0131n\u0131n siteyi nas\u0131l kulland\u0131\u011f\u0131n\u0131 analiz etmek \u00fczere bilgisayar\u0131n\u0131za yerle\u015ftirilen \u201c\u00e7erezleri\u201d, yani metin &#8230;<\/p>\n","protected":false},"author":1,"featured_media":1834,"parent":0,"menu_order":0,"comment_status":"closed","ping_status":"closed","template":"template-default.php","meta":{"footnotes":""},"class_list":["post-1631","page","type-page","status-publish","has-post-thumbnail","hentry"],"translation":{"provider":"WPGlobus","version":"3.0.2","language":"tr","enabled_languages":["de","en","tr"],"languages":{"de":{"title":true,"content":true,"excerpt":false},"en":{"title":true,"content":true,"excerpt":false},"tr":{"title":true,"content":true,"excerpt":false}}},"yoast_head":"<!-- This site is optimized with the Yoast SEO plugin v27.6 - https:\/\/yoast.com\/product\/yoast-seo-wordpress\/ -->\n<title>Veri koruma - AKTRA Media GmbH<\/title>\n<meta name=\"robots\" content=\"index, follow, max-snippet:-1, max-image-preview:large, max-video-preview:-1\" \/>\n<link rel=\"canonical\" href=\"https:\/\/aktramedia.de\/datenschutz\/\" \/>\n<meta property=\"og:locale\" content=\"tr_TR\" \/>\n<meta property=\"og:type\" content=\"article\" \/>\n<meta property=\"og:title\" content=\"Veri koruma - AKTRA Media GmbH\" \/>\n<meta property=\"og:url\" content=\"https:\/\/aktramedia.de\/datenschutz\/\" \/>\n<meta property=\"og:site_name\" content=\"AKTRA Media GmbH\" \/>\n<meta property=\"article:modified_time\" content=\"2019-04-16T09:33:06+00:00\" \/>\n<meta property=\"og:image\" content=\"https:\/\/aktramedia.de\/wp-content\/uploads\/2018\/02\/04_logo_impressum.png\" \/>\n\t<meta property=\"og:image:width\" content=\"1555\" \/>\n\t<meta property=\"og:image:height\" content=\"947\" \/>\n\t<meta property=\"og:image:type\" content=\"image\/png\" \/>\n<meta name=\"twitter:card\" content=\"summary_large_image\" \/>\n<meta name=\"twitter:label1\" content=\"Tahmini okuma s\u00fcresi\" \/>\n\t<meta name=\"twitter:data1\" content=\"27 dakika\" \/>\n<script type=\"application\/ld+json\" class=\"yoast-schema-graph\">{\"@context\":\"https:\\\/\\\/schema.org\",\"@graph\":[{\"@type\":\"WebPage\",\"@id\":\"https:\\\/\\\/aktramedia.de\\\/datenschutz\\\/\",\"url\":\"https:\\\/\\\/aktramedia.de\\\/datenschutz\\\/\",\"name\":\"Veri koruma - AKTRA Media GmbH\",\"isPartOf\":{\"@id\":\"https:\\\/\\\/aktramedia.de\\\/#website\"},\"primaryImageOfPage\":{\"@id\":\"https:\\\/\\\/aktramedia.de\\\/datenschutz\\\/#primaryimage\"},\"image\":{\"@id\":\"https:\\\/\\\/aktramedia.de\\\/datenschutz\\\/#primaryimage\"},\"thumbnailUrl\":\"https:\\\/\\\/aktramedia.de\\\/wp-content\\\/uploads\\\/2018\\\/02\\\/04_logo_impressum.png\",\"datePublished\":\"2017-12-29T18:17:22+00:00\",\"dateModified\":\"2019-04-16T09:33:06+00:00\",\"breadcrumb\":{\"@id\":\"https:\\\/\\\/aktramedia.de\\\/datenschutz\\\/#breadcrumb\"},\"inLanguage\":\"tr\",\"potentialAction\":[{\"@type\":\"ReadAction\",\"target\":[\"https:\\\/\\\/aktramedia.de\\\/datenschutz\\\/\"]}]},{\"@type\":\"ImageObject\",\"inLanguage\":\"tr\",\"@id\":\"https:\\\/\\\/aktramedia.de\\\/datenschutz\\\/#primaryimage\",\"url\":\"https:\\\/\\\/aktramedia.de\\\/wp-content\\\/uploads\\\/2018\\\/02\\\/04_logo_impressum.png\",\"contentUrl\":\"https:\\\/\\\/aktramedia.de\\\/wp-content\\\/uploads\\\/2018\\\/02\\\/04_logo_impressum.png\",\"width\":1555,\"height\":947,\"caption\":\"Trainingslogo des Unternehmen Aktra\"},{\"@type\":\"BreadcrumbList\",\"@id\":\"https:\\\/\\\/aktramedia.de\\\/datenschutz\\\/#breadcrumb\",\"itemListElement\":[{\"@type\":\"ListItem\",\"position\":1,\"name\":\"Startseite\",\"item\":\"https:\\\/\\\/aktramedia.de\\\/\"},{\"@type\":\"ListItem\",\"position\":2,\"name\":\"Datenschutz\"}]},{\"@type\":\"WebSite\",\"@id\":\"https:\\\/\\\/aktramedia.de\\\/#website\",\"url\":\"https:\\\/\\\/aktramedia.de\\\/\",\"name\":\"AKTRA Media GmbH\",\"description\":\"Aktra Media seminer, proje veya i\u00e7erik y\u00f6netimine dair yenilik\u00e7i \u00e7\u00f6z\u00fcmler sunar.\",\"publisher\":{\"@id\":\"https:\\\/\\\/aktramedia.de\\\/#organization\"},\"potentialAction\":[{\"@type\":\"SearchAction\",\"target\":{\"@type\":\"EntryPoint\",\"urlTemplate\":\"https:\\\/\\\/aktramedia.de\\\/?s={search_term_string}\"},\"query-input\":{\"@type\":\"PropertyValueSpecification\",\"valueRequired\":true,\"valueName\":\"search_term_string\"}}],\"inLanguage\":\"tr\"},{\"@type\":\"Organization\",\"@id\":\"https:\\\/\\\/aktramedia.de\\\/#organization\",\"name\":\"AKTRA Media \u2013 Digital Relation Services GmbH\",\"url\":\"https:\\\/\\\/aktramedia.de\\\/\",\"logo\":{\"@type\":\"ImageObject\",\"inLanguage\":\"tr\",\"@id\":\"https:\\\/\\\/aktramedia.de\\\/#\\\/schema\\\/logo\\\/image\\\/\",\"url\":\"https:\\\/\\\/aktramedia.de\\\/wp-content\\\/uploads\\\/2017\\\/12\\\/logo-3.png\",\"contentUrl\":\"https:\\\/\\\/aktramedia.de\\\/wp-content\\\/uploads\\\/2017\\\/12\\\/logo-3.png\",\"width\":180,\"height\":64,\"caption\":\"AKTRA Media \u2013 Digital Relation Services GmbH\"},\"image\":{\"@id\":\"https:\\\/\\\/aktramedia.de\\\/#\\\/schema\\\/logo\\\/image\\\/\"}}]}<\/script>\n<!-- \/ Yoast SEO plugin. -->","yoast_head_json":{"title":"Veri koruma - AKTRA Media GmbH","robots":{"index":"index","follow":"follow","max-snippet":"max-snippet:-1","max-image-preview":"max-image-preview:large","max-video-preview":"max-video-preview:-1"},"canonical":"https:\/\/aktramedia.de\/datenschutz\/","og_locale":"tr_TR","og_type":"article","og_title":"Veri koruma - AKTRA Media GmbH","og_url":"https:\/\/aktramedia.de\/datenschutz\/","og_site_name":"AKTRA Media GmbH","article_modified_time":"2019-04-16T09:33:06+00:00","og_image":[{"width":1555,"height":947,"url":"https:\/\/aktramedia.de\/wp-content\/uploads\/2018\/02\/04_logo_impressum.png","type":"image\/png"}],"twitter_card":"summary_large_image","twitter_misc":{"Tahmini okuma s\u00fcresi":"27 dakika"},"schema":{"@context":"https:\/\/schema.org","@graph":[{"@type":"WebPage","@id":"https:\/\/aktramedia.de\/datenschutz\/","url":"https:\/\/aktramedia.de\/datenschutz\/","name":"Veri koruma - AKTRA Media GmbH","isPartOf":{"@id":"https:\/\/aktramedia.de\/#website"},"primaryImageOfPage":{"@id":"https:\/\/aktramedia.de\/datenschutz\/#primaryimage"},"image":{"@id":"https:\/\/aktramedia.de\/datenschutz\/#primaryimage"},"thumbnailUrl":"https:\/\/aktramedia.de\/wp-content\/uploads\/2018\/02\/04_logo_impressum.png","datePublished":"2017-12-29T18:17:22+00:00","dateModified":"2019-04-16T09:33:06+00:00","breadcrumb":{"@id":"https:\/\/aktramedia.de\/datenschutz\/#breadcrumb"},"inLanguage":"tr","potentialAction":[{"@type":"ReadAction","target":["https:\/\/aktramedia.de\/datenschutz\/"]}]},{"@type":"ImageObject","inLanguage":"tr","@id":"https:\/\/aktramedia.de\/datenschutz\/#primaryimage","url":"https:\/\/aktramedia.de\/wp-content\/uploads\/2018\/02\/04_logo_impressum.png","contentUrl":"https:\/\/aktramedia.de\/wp-content\/uploads\/2018\/02\/04_logo_impressum.png","width":1555,"height":947,"caption":"Trainingslogo des Unternehmen Aktra"},{"@type":"BreadcrumbList","@id":"https:\/\/aktramedia.de\/datenschutz\/#breadcrumb","itemListElement":[{"@type":"ListItem","position":1,"name":"Startseite","item":"https:\/\/aktramedia.de\/"},{"@type":"ListItem","position":2,"name":"Datenschutz"}]},{"@type":"WebSite","@id":"https:\/\/aktramedia.de\/#website","url":"https:\/\/aktramedia.de\/","name":"AKTRA Media GmbH","description":"Aktra Media seminer, proje veya i\u00e7erik y\u00f6netimine dair yenilik\u00e7i \u00e7\u00f6z\u00fcmler sunar.","publisher":{"@id":"https:\/\/aktramedia.de\/#organization"},"potentialAction":[{"@type":"SearchAction","target":{"@type":"EntryPoint","urlTemplate":"https:\/\/aktramedia.de\/?s={search_term_string}"},"query-input":{"@type":"PropertyValueSpecification","valueRequired":true,"valueName":"search_term_string"}}],"inLanguage":"tr"},{"@type":"Organization","@id":"https:\/\/aktramedia.de\/#organization","name":"AKTRA Media \u2013 Digital Relation Services GmbH","url":"https:\/\/aktramedia.de\/","logo":{"@type":"ImageObject","inLanguage":"tr","@id":"https:\/\/aktramedia.de\/#\/schema\/logo\/image\/","url":"https:\/\/aktramedia.de\/wp-content\/uploads\/2017\/12\/logo-3.png","contentUrl":"https:\/\/aktramedia.de\/wp-content\/uploads\/2017\/12\/logo-3.png","width":180,"height":64,"caption":"AKTRA Media \u2013 Digital Relation Services GmbH"},"image":{"@id":"https:\/\/aktramedia.de\/#\/schema\/logo\/image\/"}}]}},"_links":{"self":[{"href":"https:\/\/aktramedia.de\/tr\/wp-json\/wp\/v2\/pages\/1631","targetHints":{"allow":["GET"]}}],"collection":[{"href":"https:\/\/aktramedia.de\/tr\/wp-json\/wp\/v2\/pages"}],"about":[{"href":"https:\/\/aktramedia.de\/tr\/wp-json\/wp\/v2\/types\/page"}],"author":[{"embeddable":true,"href":"https:\/\/aktramedia.de\/tr\/wp-json\/wp\/v2\/users\/1"}],"replies":[{"embeddable":true,"href":"https:\/\/aktramedia.de\/tr\/wp-json\/wp\/v2\/comments?post=1631"}],"version-history":[{"count":17,"href":"https:\/\/aktramedia.de\/tr\/wp-json\/wp\/v2\/pages\/1631\/revisions"}],"predecessor-version":[{"id":2261,"href":"https:\/\/aktramedia.de\/tr\/wp-json\/wp\/v2\/pages\/1631\/revisions\/2261"}],"wp:featuredmedia":[{"embeddable":true,"href":"https:\/\/aktramedia.de\/tr\/wp-json\/wp\/v2\/media\/1834"}],"wp:attachment":[{"href":"https:\/\/aktramedia.de\/tr\/wp-json\/wp\/v2\/media?parent=1631"}],"curies":[{"name":"wp","href":"https:\/\/api.w.org\/{rel}","templated":true}]}}